{"id":148,"date":"2024-12-01T12:49:16","date_gmt":"2024-12-01T10:49:16","guid":{"rendered":"https:\/\/42designs.de\/hundetraining\/?page_id=148"},"modified":"2026-02-19T05:48:10","modified_gmt":"2026-02-19T04:48:10","slug":"verstehen-verbinden-vertrauen","status":"publish","type":"page","link":"https:\/\/hundeschule-streicher.de\/","title":{"rendered":"Verstehen &#8211; Verbinden &#8211; Vertrauen"},"content":{"rendered":"\n<figure class=\"wp-block-gallery has-nested-images columns-default is-cropped wp-block-gallery-1 is-layout-flex wp-block-gallery-is-layout-flex\">\n<figure class=\"wp-block-image size-full\"><a href=\"https:\/\/hundeschule-streicher.de\/?page_id=438\"><img loading=\"lazy\" decoding=\"async\" width=\"900\" height=\"600\" data-id=\"498\" src=\"https:\/\/42designs.de\/hundetraining\/wp-content\/uploads\/2024\/12\/gruppenkurse-1.png\" alt=\"\" class=\"wp-image-498\" srcset=\"https:\/\/hundeschule-streicher.de\/wp-content\/uploads\/2024\/12\/gruppenkurse-1.png 900w, https:\/\/hundeschule-streicher.de\/wp-content\/uploads\/2024\/12\/gruppenkurse-1-300x200.png 300w, https:\/\/hundeschule-streicher.de\/wp-content\/uploads\/2024\/12\/gruppenkurse-1-768x512.png 768w\" sizes=\"auto, (max-width: 900px) 100vw, 900px\" \/><\/a><\/figure>\n\n\n\n<figure class=\"wp-block-image size-large\"><a href=\"https:\/\/hundeschule-streicher.de\/?page_id=500\"><img loading=\"lazy\" decoding=\"async\" width=\"900\" height=\"600\" data-id=\"499\" src=\"https:\/\/42designs.de\/hundetraining\/wp-content\/uploads\/2024\/12\/welpenundjunghunde.png\" alt=\"\" class=\"wp-image-499\" srcset=\"https:\/\/hundeschule-streicher.de\/wp-content\/uploads\/2024\/12\/welpenundjunghunde.png 900w, https:\/\/hundeschule-streicher.de\/wp-content\/uploads\/2024\/12\/welpenundjunghunde-300x200.png 300w, https:\/\/hundeschule-streicher.de\/wp-content\/uploads\/2024\/12\/welpenundjunghunde-768x512.png 768w\" sizes=\"auto, (max-width: 900px) 100vw, 900px\" \/><\/a><\/figure>\n\n\n\n<figure class=\"wp-block-image size-full\"><a href=\"https:\/\/hundeschule-streicher.de\/?page_id=476\"><img loading=\"lazy\" decoding=\"async\" width=\"900\" height=\"600\" data-id=\"474\" src=\"https:\/\/42designs.de\/hundetraining\/wp-content\/uploads\/2024\/12\/weitereangebote.png\" alt=\"\" class=\"wp-image-474\" srcset=\"https:\/\/hundeschule-streicher.de\/wp-content\/uploads\/2024\/12\/weitereangebote.png 900w, https:\/\/hundeschule-streicher.de\/wp-content\/uploads\/2024\/12\/weitereangebote-300x200.png 300w, https:\/\/hundeschule-streicher.de\/wp-content\/uploads\/2024\/12\/weitereangebote-768x512.png 768w\" sizes=\"auto, (max-width: 900px) 100vw, 900px\" \/><\/a><\/figure>\n<\/figure>\n\n\n\n<div class=\"wp-block-columns is-layout-flex wp-container-core-columns-is-layout-9d6595d7 wp-block-columns-is-layout-flex\">\n<div class=\"wp-block-column is-layout-flow wp-block-column-is-layout-flow\" style=\"flex-basis:100%\">\n<div class=\"wp-block-group\"><div class=\"wp-block-group__inner-container is-layout-constrained wp-block-group-is-layout-constrained\">\n<p class=\"has-text-align-center\"><strong>Verstehen-vertrauen-verbinden<\/strong><\/p>\n\n\n\n<p><strong>Das Programm unserer Hundeschule<\/strong>&nbsp;ist f\u00fcr Menschen konzipiert, die das Verhalten Ihrer Hunde besser verstehen und&nbsp;<strong>gemeinsam<\/strong>&nbsp;mit ihnen lernen m\u00f6chten.<\/p>\n\n\n\n<p>Gegenseitiges Vertrauen ist die Grundlage einer harmonischen Beziehung. Im Umgang mit Hunden, sei es in der Erziehung oder Ausbildung, gilt es deshalb, Hintergr\u00fcnde und Ursachen hundlichen Verhaltens aufzudecken.<\/p>\n\n\n\n<p><strong>Es gibt in der Hundeerziehung viele Wege die zum Ziel f\u00fchren k\u00f6nnen und <\/strong>nicht&nbsp;<strong>die eine<\/strong> Methode. Wir suchen bei jedem Hund-Mensch-Team die jeweils passende Trainingsmethode.<\/p>\n\n\n\n<p><strong>Weil jedes Team anders ist<\/strong>, variiert&nbsp;der Weg zum Trainingsziel. Es gilt f\u00fcr uns immer, das jeweilige Team seinen Anlagen nach zu f\u00f6rdern, seine Schw\u00e4chen abzubauen und die St\u00e4rken zu nutzen.<\/p>\n\n\n\n<p>Ziel unserer Arbeit&nbsp;ist eine gesellschaftsf\u00e4hige Mensch-Hund-Beziehung, die Sie sich mit Ihrem Hund selbst erarbeitet haben. Sie lernen im Einzel- und\/oder Gruppentraining Schritt f\u00fcr Schritt die Signale Ihres Hundes richtig zu deuten, darauf einzugehen und mit ihm zu kommunizieren.<\/p>\n\n\n\n<p><strong>Zu unserem Konzept geh\u00f6ren:<\/strong><\/p>\n\n\n\n<ul class=\"wp-block-list\">\n<li>faire, gewaltfreie, motivierende Lernmethoden f\u00fcr Ihren Hund \u2013 vom Welpen bis zum Senior<\/li>\n\n\n\n<li>respektvoller Umgang, St\u00e4rkung der Bindung in Ihrem Team und Optimierung Ihrer Kompetenzen, so dass Ihr Hund Ihre Entscheidungen akzeptiert und Ihnen vertraut<\/li>\n\n\n\n<li>theoretische Schulungen zu zwischenartlicher Kommunikation, Umsetzung der Inhalte in die Praxis, um Ihnen mehr Sicherheiten im Umgang mit Ihrem Hund zu geben<\/li>\n\n\n\n<li>fr\u00fchzeitige Erkennung von Fehlverhalten\u00a0 und Erarbeitung von L\u00f6sungswegen bei unerw\u00fcnschten Verhaltensweisen<\/li>\n\n\n\n<li>individuelle , flexible Betreuung vor Ort, in allt\u00e4glicher Umgebung, unter entsprechender Ablenkung<\/li>\n\n\n\n<li>Wissensvermittlung auf dem aktuellen Stand der Verhaltensforschung<\/li>\n<\/ul>\n\n\n\n<p>Sinnvolle Hilfsmittel im Umgang mit Ihrem Hund erkl\u00e4ren wir und zeigen Ihnen, wenn n\u00f6tig, wie diese richtig, artgerecht und nach aktuellen Aspekten der Verhaltensforschung eingesetzt werden.<\/p>\n\n\n\n<p><strong>Der Erfolg des Trainings<\/strong>&nbsp;ist abh\u00e4ngig von der Kooperationsbereitschaft des Hundehalters. Wir erarbeiten mit Ihnen Verst\u00e4ndigungssignale, die es f\u00fcr Sie gilt im Allt\u00e4glichen mit Ihrem Hund umzusetzen.<\/p>\n\n\n\n<p class=\"has-text-align-center\"><strong>Eine demokratische, antiautorit\u00e4re Denkweise<\/strong>&nbsp;ist Hunden fremd. Diese demokratische Umgangsform, bei der ein Hund gleichberechtigt w\u00e4re, sch\u00e4tzen wir nicht als erfolgversprechend ein.&nbsp;<\/p>\n<\/div><\/div>\n<\/div>\n<\/div>\n\n\n\n<p><\/p>\n\n\n\n<p><\/p>\n\n\n\n<p><\/p>\n\n\n\n<p><\/p>\n\n\n\n<p><\/p>\n\n\n\n<p><\/p>\n\n\n\n<p><\/p>\n","protected":false},"excerpt":{"rendered":"<p>Verstehen-vertrauen-verbinden Das Programm unserer Hundeschule&nbsp;ist f\u00fcr Menschen konzipiert, die das Verhalten Ihrer Hunde besser verstehen und&nbsp;gemeinsam&nbsp;mit ihnen lernen m\u00f6chten. Gegenseitiges Vertrauen ist die Grundlage einer harmonischen Beziehung. Im Umgang mit Hunden, sei es in der Erziehung oder Ausbildung, gilt es deshalb, Hintergr\u00fcnde und Ursachen hundlichen Verhaltens aufzudecken. Es gibt in der Hundeerziehung viele Wege die zum Ziel f\u00fchren k\u00f6nnen und nicht&nbsp;die eine Methode. Wir suchen bei jedem Hund-Mensch-Team die jeweils passende Trainingsmethode. Weil jedes Team anders ist, variiert&nbsp;der Weg zum Trainingsziel. Es gilt f\u00fcr uns immer, das jeweilige Team seinen Anlagen nach zu f\u00f6rdern, seine Schw\u00e4chen abzubauen und die St\u00e4rken zu nutzen. Ziel unserer Arbeit&nbsp;ist eine gesellschaftsf\u00e4hige Mensch-Hund-Beziehung, die Sie sich mit Ihrem Hund selbst erarbeitet haben. Sie lernen im Einzel- und\/oder Gruppentraining Schritt f\u00fcr Schritt die Signale Ihres Hundes richtig zu deuten, darauf einzugehen und mit ihm zu kommunizieren. Zu unserem Konzept geh\u00f6ren: Sinnvolle Hilfsmittel im Umgang mit Ihrem Hund erkl\u00e4ren wir und zeigen Ihnen, wenn n\u00f6tig, wie diese richtig, artgerecht und nach aktuellen Aspekten der Verhaltensforschung eingesetzt werden. Der Erfolg des Trainings&nbsp;ist abh\u00e4ngig von der Kooperationsbereitschaft des Hundehalters. Wir erarbeiten mit Ihnen Verst\u00e4ndigungssignale, die es f\u00fcr Sie gilt im Allt\u00e4glichen mit Ihrem Hund umzusetzen. Eine demokratische, antiautorit\u00e4re Denkweise&nbsp;ist Hunden fremd. Diese demokratische Umgangsform, bei der ein Hund gleichberechtigt w\u00e4re, sch\u00e4tzen wir nicht als erfolgversprechend ein.&nbsp;<\/p>\n","protected":false},"author":1,"featured_media":0,"parent":0,"menu_order":0,"comment_status":"closed","ping_status":"closed","template":"","meta":{"footnotes":""},"class_list":["post-148","page","type-page","status-publish","hentry"],"acf":[],"jetpack_sharing_enabled":true,"_links":{"self":[{"href":"https:\/\/hundeschule-streicher.de\/index.php?rest_route=\/wp\/v2\/pages\/148","targetHints":{"allow":["GET"]}}],"collection":[{"href":"https:\/\/hundeschule-streicher.de\/index.php?rest_route=\/wp\/v2\/pages"}],"about":[{"href":"https:\/\/hundeschule-streicher.de\/index.php?rest_route=\/wp\/v2\/types\/page"}],"author":[{"embeddable":true,"href":"https:\/\/hundeschule-streicher.de\/index.php?rest_route=\/wp\/v2\/users\/1"}],"replies":[{"embeddable":true,"href":"https:\/\/hundeschule-streicher.de\/index.php?rest_route=%2Fwp%2Fv2%2Fcomments&post=148"}],"version-history":[{"count":23,"href":"https:\/\/hundeschule-streicher.de\/index.php?rest_route=\/wp\/v2\/pages\/148\/revisions"}],"predecessor-version":[{"id":791,"href":"https:\/\/hundeschule-streicher.de\/index.php?rest_route=\/wp\/v2\/pages\/148\/revisions\/791"}],"wp:attachment":[{"href":"https:\/\/hundeschule-streicher.de\/index.php?rest_route=%2Fwp%2Fv2%2Fmedia&parent=148"}],"curies":[{"name":"wp","href":"https:\/\/api.w.org\/{rel}","templated":true}]}}