{"id":186,"date":"2024-12-01T13:08:41","date_gmt":"2024-12-01T12:08:41","guid":{"rendered":"https:\/\/42designs.de\/hundetraining\/?page_id=186"},"modified":"2024-12-29T18:54:42","modified_gmt":"2024-12-29T17:54:42","slug":"ueber-uns","status":"publish","type":"page","link":"https:\/\/hundeschule-streicher.de\/?page_id=186","title":{"rendered":"\u00dcber uns"},"content":{"rendered":"\n<figure class=\"wp-block-image size-large is-resized\"><img loading=\"lazy\" decoding=\"async\" width=\"732\" height=\"1024\" src=\"https:\/\/42designs.de\/hundetraining\/wp-content\/uploads\/2024\/12\/Sonja-AbbyWilma-1-732x1024.jpg\" alt=\"\" class=\"wp-image-491\" style=\"width:446px;height:auto\" srcset=\"https:\/\/hundeschule-streicher.de\/wp-content\/uploads\/2024\/12\/Sonja-AbbyWilma-1-732x1024.jpg 732w, https:\/\/hundeschule-streicher.de\/wp-content\/uploads\/2024\/12\/Sonja-AbbyWilma-1-214x300.jpg 214w, https:\/\/hundeschule-streicher.de\/wp-content\/uploads\/2024\/12\/Sonja-AbbyWilma-1-768x1075.jpg 768w, https:\/\/hundeschule-streicher.de\/wp-content\/uploads\/2024\/12\/Sonja-AbbyWilma-1-1097x1536.jpg 1097w, https:\/\/hundeschule-streicher.de\/wp-content\/uploads\/2024\/12\/Sonja-AbbyWilma-1-1140x1596.jpg 1140w, https:\/\/hundeschule-streicher.de\/wp-content\/uploads\/2024\/12\/Sonja-AbbyWilma-1.jpg 1463w\" sizes=\"auto, (max-width: 732px) 100vw, 732px\" \/><\/figure>\n\n\n\n<p>Hallo, mein Name ist Sonja Streicher, ich bin 1968 in Bevern geboren und lebe mit meinem Mann und unseren Hunden in diesem idyllischen Ort im Weserbergland an der Weser. Wir haben zwei erwachsene Kinder, die mit unseren Enkelkindern ebenfalls in Bevern leben.<\/p>\n\n\n\n<p>Schon immer war es mir ein Anliegen, Menschen zu helfen und sie in schwierigen Situationen zu unterst\u00fctzen. \u00dcber 30 Jahre habe ich in einem medizinischen Beruf gearbeitet und dabei nicht nur wertvolle Erfahrung im Umgang mit Menschen gesammelt, sondern auch meine St\u00e4rken in Kommunikation und Empathie leben k\u00f6nnen. Diese F\u00e4higkeiten helfen mir heute enorm, auch in herausfordernden Momenten Ruhe zu bewahren und individuell auf die Bed\u00fcrfnisse von Mensch und Tier einzugehen.<\/p>\n\n\n\n<p>Da unser erster Hund ein Rauhaarteckel war, liegt mir der Teckelklub Holzminden am Herzen. <br>Seit 1999 f\u00fchre ich, zusammen mit Birgit M\u00f6nkemeyer, Begleithundeausbildungen vom Teckelklub Holzminden f\u00fcr alle Hunderassen durch. Dies ist eine angebotene Pr\u00fcfung in der die Hunde und Ihre Besitzer ihre Alltagstauglichkeit als Team unter Beweis stellen.<\/p>\n\n\n\n<p>2009 absolvierte ich ein Fernstudium \u00fcber Hundepsychologie in der Schweiz, welches ich erfolgreich absolviert habe.<\/p>\n\n\n\n<p>Die Zertifizierung zum Hundetrainer durch die Tier\u00e4rztekammer Niedersachsen absolvierte ich erfolgreich 2015 in der Tiermedizinischen Hochschule in Hannover.<br><br>Seitdem arbeite ich, mittlerweile hauptberuflich, mit Hunden im Einzel-u. Gruppentraining, nehme den Sachkundenachweis \u00a73 NHundG f\u00fcr Ersthundehalter ab und biete regelm\u00e4\u00dfig Kurse und Seminare f\u00fcr Hundebesitzer an, um vielen Mensch-Hund-Teams zu einem harmonischen Miteinander zu verhelfen.<\/p>\n\n\n\n<p>Um auf dem neuesten Stand beim Hundetraining zu sein besuche ich regelm\u00e4\u00dfig Fortbildungen, die durch die Tier\u00e4rztekammer anerkannt sind.<\/p>\n\n\n\n<p>Ich freue mich sehr ab dem 01.01.2025 Verst\u00e4rkung zu bekommen \ud83d\ude0a\u2026<\/p>\n\n\n\n<figure class=\"wp-block-image size-large is-resized\"><img loading=\"lazy\" decoding=\"async\" width=\"1024\" height=\"747\" src=\"https:\/\/42designs.de\/hundetraining\/wp-content\/uploads\/2024\/12\/Steffi-Odin-3-1024x747.jpg\" alt=\"\" class=\"wp-image-492\" style=\"width:607px;height:auto\" srcset=\"https:\/\/hundeschule-streicher.de\/wp-content\/uploads\/2024\/12\/Steffi-Odin-3-1024x747.jpg 1024w, https:\/\/hundeschule-streicher.de\/wp-content\/uploads\/2024\/12\/Steffi-Odin-3-300x219.jpg 300w, https:\/\/hundeschule-streicher.de\/wp-content\/uploads\/2024\/12\/Steffi-Odin-3-768x560.jpg 768w, https:\/\/hundeschule-streicher.de\/wp-content\/uploads\/2024\/12\/Steffi-Odin-3-1536x1120.jpg 1536w, https:\/\/hundeschule-streicher.de\/wp-content\/uploads\/2024\/12\/Steffi-Odin-3-2048x1494.jpg 2048w, https:\/\/hundeschule-streicher.de\/wp-content\/uploads\/2024\/12\/Steffi-Odin-3-1140x832.jpg 1140w\" sizes=\"auto, (max-width: 1024px) 100vw, 1024px\" \/><\/figure>\n\n\n\n<p>Hallo, ich bin Steffi Ognev, 26 Jahre alt, und lebe zusammen mit meinem Freund, unserer Tochter und unserem Hund Odin ebenfalls in Bevern.<\/p>\n\n\n\n<p>Im Rahmen meiner Ausbildung habe ich viele verschiedene Seminare besucht und mich besonders auf den Umgang mit gef\u00e4hrlichen Hunden spezialisiert. Seit einigen Monaten begleite ich Sonja in ihren Kursen und freue mich sehr, ab Januar 2025 offiziell Teil des Teams zu sein.&nbsp;<br><br>Mit meiner Leidenschaft f\u00fcr Hunde und meinem Wissen m\u00f6chte ich dazu beitragen, dass noch mehr Mensch-Hund-Teams erfolgreich und harmonisch zusammenfinden.<\/p>\n\n\n\n<p>Meine Schwerpunkt in der Ausbildung lag in der Arbeit mit problematischen Hunden, besonders bei Angst- und Aggressionsverhalten. Ich habe gelernt, wie man Hunde sicher f\u00fchrt, ihre Orientierung am Menschen st\u00e4rkt und gezielt an Herausforderungen wie Leinenf\u00fchrigkeit, R\u00fcckruf und Freifolge arbeitet.<\/p>\n\n\n\n<p><br>Au\u00dferdem biete ich Beratungsgespr\u00e4che und Online-Coachings an, in denen ich Mensch-Hund-Teams individuell begleite \u2013 von der ersten Analyse bis zum Trainingsplan, um eine faire Zusammenarbeit zu f\u00f6rdern.<\/p>\n","protected":false},"excerpt":{"rendered":"<p>Hallo, mein Name ist Sonja Streicher, ich bin 1968 in Bevern geboren und lebe mit meinem Mann und unseren Hunden in diesem idyllischen Ort im Weserbergland an der Weser. Wir haben zwei erwachsene Kinder, die mit unseren Enkelkindern ebenfalls in Bevern leben. Schon immer war es mir ein Anliegen, Menschen zu helfen und sie in schwierigen Situationen zu unterst\u00fctzen. \u00dcber 30 Jahre habe ich in einem medizinischen Beruf gearbeitet und dabei nicht nur wertvolle Erfahrung im Umgang mit Menschen gesammelt, sondern auch meine St\u00e4rken in Kommunikation und Empathie leben k\u00f6nnen. Diese F\u00e4higkeiten helfen mir heute enorm, auch in herausfordernden Momenten Ruhe zu bewahren und individuell auf die Bed\u00fcrfnisse von Mensch und Tier einzugehen. Da unser erster Hund ein Rauhaarteckel war, liegt mir der Teckelklub Holzminden am Herzen. Seit 1999 f\u00fchre ich, zusammen mit Birgit M\u00f6nkemeyer, Begleithundeausbildungen vom Teckelklub Holzminden f\u00fcr alle Hunderassen durch. Dies ist eine angebotene Pr\u00fcfung in der die Hunde und Ihre Besitzer ihre Alltagstauglichkeit als Team unter Beweis stellen. 2009 absolvierte ich ein Fernstudium \u00fcber Hundepsychologie in der Schweiz, welches ich erfolgreich absolviert habe. Die Zertifizierung zum Hundetrainer durch die Tier\u00e4rztekammer Niedersachsen absolvierte ich erfolgreich 2015 in der Tiermedizinischen Hochschule in Hannover. Seitdem arbeite ich, mittlerweile hauptberuflich, mit Hunden im Einzel-u. Gruppentraining, nehme den Sachkundenachweis \u00a73 NHundG f\u00fcr Ersthundehalter ab und biete regelm\u00e4\u00dfig Kurse und Seminare f\u00fcr Hundebesitzer an, um vielen Mensch-Hund-Teams zu einem harmonischen Miteinander zu verhelfen. Um auf dem neuesten Stand beim Hundetraining zu sein besuche ich regelm\u00e4\u00dfig Fortbildungen, die durch die Tier\u00e4rztekammer anerkannt sind. Ich freue mich sehr ab dem 01.01.2025 Verst\u00e4rkung zu bekommen \ud83d\ude0a\u2026 Hallo, ich bin Steffi Ognev, 26 Jahre alt, und lebe zusammen mit meinem Freund, unserer Tochter und unserem Hund Odin ebenfalls in Bevern. Im Rahmen meiner Ausbildung habe ich viele verschiedene Seminare besucht und mich besonders auf den Umgang mit gef\u00e4hrlichen Hunden spezialisiert. Seit einigen Monaten begleite ich Sonja in ihren Kursen und freue mich sehr, ab Januar 2025 offiziell Teil des Teams zu sein.&nbsp; Mit meiner Leidenschaft f\u00fcr Hunde und meinem Wissen m\u00f6chte ich dazu beitragen, dass noch mehr Mensch-Hund-Teams erfolgreich und harmonisch zusammenfinden. Meine Schwerpunkt in der Ausbildung lag in der Arbeit mit problematischen Hunden, besonders bei Angst- und Aggressionsverhalten. Ich habe gelernt, wie man Hunde sicher f\u00fchrt, ihre Orientierung am Menschen st\u00e4rkt und gezielt an Herausforderungen wie Leinenf\u00fchrigkeit, R\u00fcckruf und Freifolge arbeitet. Au\u00dferdem biete ich Beratungsgespr\u00e4che und Online-Coachings an, in denen ich Mensch-Hund-Teams individuell begleite \u2013 von der ersten Analyse bis zum Trainingsplan, um eine faire Zusammenarbeit zu f\u00f6rdern.<\/p>\n","protected":false},"author":1,"featured_media":0,"parent":0,"menu_order":0,"comment_status":"closed","ping_status":"closed","template":"","meta":{"footnotes":""},"class_list":["post-186","page","type-page","status-publish","hentry"],"acf":[],"jetpack_sharing_enabled":true,"_links":{"self":[{"href":"https:\/\/hundeschule-streicher.de\/index.php?rest_route=\/wp\/v2\/pages\/186","targetHints":{"allow":["GET"]}}],"collection":[{"href":"https:\/\/hundeschule-streicher.de\/index.php?rest_route=\/wp\/v2\/pages"}],"about":[{"href":"https:\/\/hundeschule-streicher.de\/index.php?rest_route=\/wp\/v2\/types\/page"}],"author":[{"embeddable":true,"href":"https:\/\/hundeschule-streicher.de\/index.php?rest_route=\/wp\/v2\/users\/1"}],"replies":[{"embeddable":true,"href":"https:\/\/hundeschule-streicher.de\/index.php?rest_route=%2Fwp%2Fv2%2Fcomments&post=186"}],"version-history":[{"count":7,"href":"https:\/\/hundeschule-streicher.de\/index.php?rest_route=\/wp\/v2\/pages\/186\/revisions"}],"predecessor-version":[{"id":493,"href":"https:\/\/hundeschule-streicher.de\/index.php?rest_route=\/wp\/v2\/pages\/186\/revisions\/493"}],"wp:attachment":[{"href":"https:\/\/hundeschule-streicher.de\/index.php?rest_route=%2Fwp%2Fv2%2Fmedia&parent=186"}],"curies":[{"name":"wp","href":"https:\/\/api.w.org\/{rel}","templated":true}]}}