{"id":199,"date":"2024-12-01T13:36:05","date_gmt":"2024-12-01T12:36:05","guid":{"rendered":"https:\/\/42designs.de\/hundetraining\/?page_id=199"},"modified":"2026-01-18T09:15:12","modified_gmt":"2026-01-18T08:15:12","slug":"benimm-dich-jetzt-mal","status":"publish","type":"page","link":"https:\/\/hundeschule-streicher.de\/?page_id=199","title":{"rendered":"Benimm dich jetzt mal!"},"content":{"rendered":"\n<p>Hunde werden nicht abgegeben, weil sie nicht zuverl\u00e4ssig Sitz oder Platz machen.<\/p>\n\n\n\n<p>Sie werden aber durchaus abgegeben, weil sie zu impulsiv sind, Menschen anspringen, an der Leine zerren, zerst\u00f6ren, nicht alleine bleiben k\u00f6nnen oder ihre Z\u00e4hne unkontrolliert einsetzen.<\/p>\n\n\n\n<p><strong>Es liegt am Hundebesitzer durch t\u00e4gliche \u00dcbungen im Alltag dem Hund eine \u201eBremse einzubauen\u201c.<\/strong><\/p>\n\n\n\n<p>Daher sind Impulskontrolle und Frustrationstoleranz wichtige Themen in diesem Kurs.<\/p>\n\n\n\n<p>Weitere Themen:<\/p>\n\n\n\n<p>&#8211;&nbsp;&nbsp;&nbsp;&nbsp;&nbsp;&nbsp;&nbsp;&nbsp;&nbsp;Kontrolliertes gehen an der Leine<\/p>\n\n\n\n<p>&#8211;&nbsp;&nbsp;&nbsp;&nbsp;&nbsp;&nbsp;&nbsp;&nbsp;&nbsp;Begegnungs\u00fcbungen, nicht springen<\/p>\n\n\n\n<p>&#8211;&nbsp;&nbsp;&nbsp;&nbsp;&nbsp;&nbsp;&nbsp;&nbsp;&nbsp;\u00dcbungen zur Impulskontrolle<\/p>\n\n\n\n<p>&#8211;&nbsp;&nbsp;&nbsp;&nbsp;&nbsp;&nbsp;&nbsp;&nbsp;&nbsp;Herunterfahren in der Hundegruppe<\/p>\n\n\n\n<p>&#8211;&nbsp;&nbsp;&nbsp;&nbsp;&nbsp;&nbsp;&nbsp;&nbsp;&nbsp;Konzentrations\u00fcbungen<\/p>\n\n\n\n<p>&#8211;&nbsp;&nbsp;&nbsp;&nbsp;&nbsp;&nbsp;&nbsp;&nbsp;&nbsp;Aufmerksamkeit auf den Hundebesitzer<\/p>\n\n\n\n<p>&#8211;&nbsp;&nbsp;&nbsp;&nbsp;&nbsp;&nbsp;&nbsp;&nbsp; Frustrationstoleranz schulen<\/p>\n\n\n\n<p>Ziel: Hunde sollen lernen eigene (richtige) Entscheidungen zu treffen.<\/p>\n\n\n\n<p><\/p>\n\n\n\n<p><mark style=\"background-color:rgba(0, 0, 0, 0)\" class=\"has-inline-color has-vivid-green-cyan-color\"><strong>Kurs I: Start: Donnerstag,02.04.-30.04.2026, 15:00-16:00 Uhr<br>Dauer: 4 x 60 min.<br>Kosten: 120,-\u20ac<\/strong><\/mark><br><mark style=\"background-color:rgba(0, 0, 0, 0)\" class=\"has-inline-color has-vivid-green-cyan-color\">(am 16.04.26 ist kein Training!)<\/mark><\/p>\n\n\n\n<p><mark style=\"background-color:rgba(0, 0, 0, 0)\" class=\"has-inline-color has-vivid-green-cyan-color\"><strong>Kurs II: Start: Montag,17.08.-07.09.2026,16:00-17:00 Uhr<br>Dauer: 4 x 60 min.<br>Kosten: 120min.<br>Max. Teilnehmerzahl: 6 Mensch-Hund-Teams<\/strong><\/mark><\/p>\n\n\n\n<p><strong>Kursgeb\u00fchr ist 14 Tage vor der 1. Trainingsstunde zu entrichten.<\/strong><\/p>\n\n\n\n<p><strong>Vers\u00e4umte Trainingsstunden k\u00f6nnen leider aus organisatorischen Gr\u00fcnden nicht nachgeholt werden und verfallen, da es sich um einen geschlossenen Kurs handelt.<\/strong><\/p>\n\n\n\n<p>Melde Dich gerne bei uns, wenn Du dabei sein m\u00f6chtest!<\/p>\n\n\n\n<p><\/p>\n","protected":false},"excerpt":{"rendered":"<p>Hunde werden nicht abgegeben, weil sie nicht zuverl\u00e4ssig Sitz oder Platz machen. Sie werden aber durchaus abgegeben, weil sie zu impulsiv sind, Menschen anspringen, an der Leine zerren, zerst\u00f6ren, nicht alleine bleiben k\u00f6nnen oder ihre Z\u00e4hne unkontrolliert einsetzen. Es liegt am Hundebesitzer durch t\u00e4gliche \u00dcbungen im Alltag dem Hund eine \u201eBremse einzubauen\u201c. Daher sind Impulskontrolle und Frustrationstoleranz wichtige Themen in diesem Kurs. Weitere Themen: &#8211;&nbsp;&nbsp;&nbsp;&nbsp;&nbsp;&nbsp;&nbsp;&nbsp;&nbsp;Kontrolliertes gehen an der Leine &#8211;&nbsp;&nbsp;&nbsp;&nbsp;&nbsp;&nbsp;&nbsp;&nbsp;&nbsp;Begegnungs\u00fcbungen, nicht springen &#8211;&nbsp;&nbsp;&nbsp;&nbsp;&nbsp;&nbsp;&nbsp;&nbsp;&nbsp;\u00dcbungen zur Impulskontrolle &#8211;&nbsp;&nbsp;&nbsp;&nbsp;&nbsp;&nbsp;&nbsp;&nbsp;&nbsp;Herunterfahren in der Hundegruppe &#8211;&nbsp;&nbsp;&nbsp;&nbsp;&nbsp;&nbsp;&nbsp;&nbsp;&nbsp;Konzentrations\u00fcbungen &#8211;&nbsp;&nbsp;&nbsp;&nbsp;&nbsp;&nbsp;&nbsp;&nbsp;&nbsp;Aufmerksamkeit auf den Hundebesitzer &#8211;&nbsp;&nbsp;&nbsp;&nbsp;&nbsp;&nbsp;&nbsp;&nbsp; Frustrationstoleranz schulen Ziel: Hunde sollen lernen eigene (richtige) Entscheidungen zu treffen. Kurs I: Start: Donnerstag,02.04.-30.04.2026, 15:00-16:00 UhrDauer: 4 x 60 min.Kosten: 120,-\u20ac(am 16.04.26 ist kein Training!) Kurs II: Start: Montag,17.08.-07.09.2026,16:00-17:00 UhrDauer: 4 x 60 min.Kosten: 120min.Max. Teilnehmerzahl: 6 Mensch-Hund-Teams Kursgeb\u00fchr ist 14 Tage vor der 1. Trainingsstunde zu entrichten. Vers\u00e4umte Trainingsstunden k\u00f6nnen leider aus organisatorischen Gr\u00fcnden nicht nachgeholt werden und verfallen, da es sich um einen geschlossenen Kurs handelt. Melde Dich gerne bei uns, wenn Du dabei sein m\u00f6chtest!<\/p>\n","protected":false},"author":1,"featured_media":434,"parent":0,"menu_order":0,"comment_status":"closed","ping_status":"closed","template":"","meta":{"footnotes":""},"class_list":["post-199","page","type-page","status-publish","has-post-thumbnail","hentry"],"acf":[],"jetpack_sharing_enabled":true,"_links":{"self":[{"href":"https:\/\/hundeschule-streicher.de\/index.php?rest_route=\/wp\/v2\/pages\/199","targetHints":{"allow":["GET"]}}],"collection":[{"href":"https:\/\/hundeschule-streicher.de\/index.php?rest_route=\/wp\/v2\/pages"}],"about":[{"href":"https:\/\/hundeschule-streicher.de\/index.php?rest_route=\/wp\/v2\/types\/page"}],"author":[{"embeddable":true,"href":"https:\/\/hundeschule-streicher.de\/index.php?rest_route=\/wp\/v2\/users\/1"}],"replies":[{"embeddable":true,"href":"https:\/\/hundeschule-streicher.de\/index.php?rest_route=%2Fwp%2Fv2%2Fcomments&post=199"}],"version-history":[{"count":11,"href":"https:\/\/hundeschule-streicher.de\/index.php?rest_route=\/wp\/v2\/pages\/199\/revisions"}],"predecessor-version":[{"id":787,"href":"https:\/\/hundeschule-streicher.de\/index.php?rest_route=\/wp\/v2\/pages\/199\/revisions\/787"}],"wp:featuredmedia":[{"embeddable":true,"href":"https:\/\/hundeschule-streicher.de\/index.php?rest_route=\/wp\/v2\/media\/434"}],"wp:attachment":[{"href":"https:\/\/hundeschule-streicher.de\/index.php?rest_route=%2Fwp%2Fv2%2Fmedia&parent=199"}],"curies":[{"name":"wp","href":"https:\/\/api.w.org\/{rel}","templated":true}]}}