{"id":21,"date":"2024-09-22T22:04:32","date_gmt":"2024-09-22T22:04:32","guid":{"rendered":"https:\/\/42designs.de\/hundetraining\/?page_id=21"},"modified":"2026-02-19T09:49:42","modified_gmt":"2026-02-19T08:49:42","slug":"impressum","status":"publish","type":"page","link":"https:\/\/hundeschule-streicher.de\/?page_id=21","title":{"rendered":"Impressum"},"content":{"rendered":"\n<p><strong>Impressum<\/strong><\/p>\n\n\n\n<p><strong>Angaben gem\u00e4\u00df \u00a7 5 DDG<\/strong><\/p>\n\n\n\n<p><strong>Sonja Streicher<\/strong><br>Lindenbusch 11<br>37639 Bevern<br>Deutschland<\/p>\n\n\n\n<p>Telefon:0160-96810168<br>Email: sonja-streicher@t-online.de<\/p>\n\n\n\n<p><strong>Stefanie Ognev<\/strong><br>Angerstra\u00dfe 11<br>37639 Bevern<br>Deutschland<\/p>\n\n\n\n<p>Telefon:0172-8626095<br>Email: ognev.s@gmx.de<\/p>\n\n\n\n<hr class=\"wp-block-separator has-alpha-channel-opacity\"\/>\n\n\n\n<p><strong>T\u00e4tigkeit<\/strong><\/p>\n\n\n\n<p>Hundetraining, Verhaltensberatung und Hundeerziehung.<\/p>\n\n\n\n<p>Erlaubnispflichtige T\u00e4tigkeit gem\u00e4\u00df \u00a7 11 Abs. 1 Nr. 8 f Tierschutzgesetz.<br>Die beh\u00f6rdliche Erlaubnis wurde durch das zust\u00e4ndige Veterin\u00e4ramt erteilt.<\/p>\n\n\n\n<p>Zust\u00e4ndige Aufsichtsbeh\u00f6rde:<br>Landkreis Holzminden \u2013 Veterin\u00e4ramt<br>Hintern den H\u00f6fen 3<br>37603 Holzminden<\/p>\n\n\n\n<hr class=\"wp-block-separator has-alpha-channel-opacity\"\/>\n\n\n\n<p><strong>Kleinunternehmerregelung<\/strong><\/p>\n\n\n\n<p>Gem\u00e4\u00df \u00a7 19 UStG wird keine Umsatzsteuer berechnet und ausgewiesen.<\/p>\n\n\n\n<p><strong>Urheberrecht<\/strong><\/p>\n\n\n\n<p>Die durch die Seitenbetreiber erstellten Inhalte und Werke auf dieser Website unterliegen dem deutschen Urheberrecht.<br>Vervielf\u00e4ltigung, Bearbeitung, Verbreitung und jede Art der Verwertung au\u00dferhalb der Grenzen des Urheberrechts bed\u00fcrfen der schriftlichen Zustimmung der jeweiligen Urheberin.<\/p>\n\n\n\n<hr class=\"wp-block-separator has-alpha-channel-opacity\"\/>\n\n\n\n<p><strong>Verantwortlich f\u00fcr den Inhalt nach \u00a7 18 Abs. 2 MStV<\/strong><\/p>\n\n\n\n<p>Sonja Streicher<br>Lindenbusch 11<br>37639 Bevern<\/p>\n\n\n\n<p>Stefanie Ognev<br>Angerstra\u00dfe 11<br>37639 Bevern<\/p>\n","protected":false},"excerpt":{"rendered":"<p>Impressum Angaben gem\u00e4\u00df \u00a7 5 DDG Sonja StreicherLindenbusch 1137639 BevernDeutschland Telefon:0160-96810168Email: sonja-streicher@t-online.de Stefanie OgnevAngerstra\u00dfe 1137639 BevernDeutschland Telefon:0172-8626095Email: ognev.s@gmx.de T\u00e4tigkeit Hundetraining, Verhaltensberatung und Hundeerziehung. Erlaubnispflichtige T\u00e4tigkeit gem\u00e4\u00df \u00a7 11 Abs. 1 Nr. 8 f Tierschutzgesetz.Die beh\u00f6rdliche Erlaubnis wurde durch das zust\u00e4ndige Veterin\u00e4ramt erteilt. Zust\u00e4ndige Aufsichtsbeh\u00f6rde:Landkreis Holzminden \u2013 Veterin\u00e4ramtHintern den H\u00f6fen 337603 Holzminden Kleinunternehmerregelung Gem\u00e4\u00df \u00a7 19 UStG wird keine Umsatzsteuer berechnet und ausgewiesen. Urheberrecht Die durch die Seitenbetreiber erstellten Inhalte und Werke auf dieser Website unterliegen dem deutschen Urheberrecht.Vervielf\u00e4ltigung, Bearbeitung, Verbreitung und jede Art der Verwertung au\u00dferhalb der Grenzen des Urheberrechts bed\u00fcrfen der schriftlichen Zustimmung der jeweiligen Urheberin. Verantwortlich f\u00fcr den Inhalt nach \u00a7 18 Abs. 2 MStV Sonja StreicherLindenbusch 1137639 Bevern Stefanie OgnevAngerstra\u00dfe 1137639 Bevern<\/p>\n","protected":false},"author":1,"featured_media":0,"parent":0,"menu_order":0,"comment_status":"closed","ping_status":"closed","template":"","meta":{"footnotes":""},"class_list":["post-21","page","type-page","status-publish","hentry"],"acf":[],"jetpack_sharing_enabled":true,"_links":{"self":[{"href":"https:\/\/hundeschule-streicher.de\/index.php?rest_route=\/wp\/v2\/pages\/21","targetHints":{"allow":["GET"]}}],"collection":[{"href":"https:\/\/hundeschule-streicher.de\/index.php?rest_route=\/wp\/v2\/pages"}],"about":[{"href":"https:\/\/hundeschule-streicher.de\/index.php?rest_route=\/wp\/v2\/types\/page"}],"author":[{"embeddable":true,"href":"https:\/\/hundeschule-streicher.de\/index.php?rest_route=\/wp\/v2\/users\/1"}],"replies":[{"embeddable":true,"href":"https:\/\/hundeschule-streicher.de\/index.php?rest_route=%2Fwp%2Fv2%2Fcomments&post=21"}],"version-history":[{"count":5,"href":"https:\/\/hundeschule-streicher.de\/index.php?rest_route=\/wp\/v2\/pages\/21\/revisions"}],"predecessor-version":[{"id":794,"href":"https:\/\/hundeschule-streicher.de\/index.php?rest_route=\/wp\/v2\/pages\/21\/revisions\/794"}],"wp:attachment":[{"href":"https:\/\/hundeschule-streicher.de\/index.php?rest_route=%2Fwp%2Fv2%2Fmedia&parent=21"}],"curies":[{"name":"wp","href":"https:\/\/api.w.org\/{rel}","templated":true}]}}