{"id":213,"date":"2024-12-01T13:49:09","date_gmt":"2024-12-01T12:49:09","guid":{"rendered":"https:\/\/42designs.de\/hundetraining\/?page_id=213"},"modified":"2025-12-11T06:53:15","modified_gmt":"2025-12-11T05:53:15","slug":"faehrtenarbeit","status":"publish","type":"page","link":"https:\/\/hundeschule-streicher.de\/?page_id=213","title":{"rendered":"F\u00e4hrtenarbeit"},"content":{"rendered":"\n<p>F\u00e4hrtenarbeit ist eine hervorragende Besch\u00e4ftigung f\u00fcr Hunde, weil sie ihre nat\u00fcrlichen F\u00e4higkeiten nutzt und sie sowohl k\u00f6rperlich als auch geistig fordert. Hier sind die wichtigsten Gr\u00fcnde, warum F\u00e4hrtenarbeit eine so gute Auslastung f\u00fcr Hunde darstellt.<br>Hunde haben einen au\u00dfergew\u00f6hnlichen Geruchssinn, der etwa 10.000- bis 100.000-mal besser ist als der des Menschen. F\u00e4hrtenarbeit spricht diesen nat\u00fcrlichen Instinkt an und gibt dem Hund eine Aufgabe, die seinen genetischen Anlagen entspricht.<br>Beim Suchen und Verfolgen einer Spur muss der Hund sich stark konzentrieren. Er analysiert Geruchspartikel, differenziert zwischen verschiedenen Duftspuren und bleibt dabei fokussiert. Diese geistige Arbeit ist f\u00fcr Hunde \u00e4u\u00dferst anspruchsvoll und befriedigend.<br>Auch wenn die Bewegung bei der F\u00e4hrtenarbeit moderat ist, bleibt der Hund dennoch k\u00f6rperlich aktiv. Das gleichm\u00e4\u00dfige Gehen in Kombination mit der Nasenarbeit fordert ihn k\u00f6rperlich und hilft, Energie abzubauen.<\/p>\n\n\n\n<p>Erfolgserlebnisse bei der F\u00e4hrtenarbeit, wie das Finden des Ziels oder einer bestimmten Spur, f\u00f6rdern das Selbstbewusstsein des Hundes. Dies ist besonders hilfreich f\u00fcr unsichere oder \u00e4ngstliche Hunde.<br>F\u00e4hrtenarbeit erfordert Zusammenarbeit zwischen Menschen und Hund. Der Mensch gibt Hinweise oder Hilfestellungen, w\u00e4hrend der Hund seine Nase einsetzt. Diese Teamarbeit st\u00e4rkt die Bindung und das gegenseitige Vertrauen.<br>F\u00e4hrtenarbeit kann an verschiedene Umgebungen (Wald, Wiesen, Stadt) und Schwierigkeitsgrade angepasst werden, was sie f\u00fcr fast alle Hunde geeignet macht \u2013 unabh\u00e4ngig von Alter, Rasse oder Fitnesslevel.<br>Die konzentrierte und ruhige Arbeit beim Verfolgen einer F\u00e4hrte hat eine beruhigende Wirkung auf Hunde. Es hilft ihnen, Stress und \u00fcbersch\u00fcssige Energie abzubauen.<\/p>\n\n\n\n<p>F\u00e4hrtenarbeit ist also nicht nur eine sinnvolle Auslastung, sondern auch eine gro\u00dfartige M\u00f6glichkeit, den Hund in seiner Nat\u00fcrlichkeit zu f\u00f6rdern und gleichzeitig die Mensch-Hund-Beziehung zu st\u00e4rken.<\/p>\n\n\n\n<p>In einer kleinen Gruppe zeige ich Dir kleinschrittig, wie Du Deinen Hund an die F\u00e4hrtenarbeit heranf\u00fchrst.<\/p>\n\n\n\n<p>Mach aus deinem Hund eine echte Sp\u00fcrnase und geh mit ihm auf F\u00e4hrtensuche.<\/p>\n\n\n\n<figure class=\"wp-block-image size-large is-resized\"><img loading=\"lazy\" decoding=\"async\" width=\"1024\" height=\"680\" src=\"https:\/\/42designs.de\/hundetraining\/wp-content\/uploads\/2024\/12\/Faehrtenarbeit-im-Wald3-1-1024x680.jpg\" alt=\"\" class=\"wp-image-330\" style=\"width:279px;height:auto\" srcset=\"https:\/\/hundeschule-streicher.de\/wp-content\/uploads\/2024\/12\/Faehrtenarbeit-im-Wald3-1-1024x680.jpg 1024w, https:\/\/hundeschule-streicher.de\/wp-content\/uploads\/2024\/12\/Faehrtenarbeit-im-Wald3-1-300x199.jpg 300w, https:\/\/hundeschule-streicher.de\/wp-content\/uploads\/2024\/12\/Faehrtenarbeit-im-Wald3-1-768x510.jpg 768w, https:\/\/hundeschule-streicher.de\/wp-content\/uploads\/2024\/12\/Faehrtenarbeit-im-Wald3-1-1536x1020.jpg 1536w, https:\/\/hundeschule-streicher.de\/wp-content\/uploads\/2024\/12\/Faehrtenarbeit-im-Wald3-1-2048x1360.jpg 2048w, https:\/\/hundeschule-streicher.de\/wp-content\/uploads\/2024\/12\/Faehrtenarbeit-im-Wald3-1-1140x757.jpg 1140w, https:\/\/hundeschule-streicher.de\/wp-content\/uploads\/2024\/12\/Faehrtenarbeit-im-Wald3-1-600x399.jpg 600w\" sizes=\"auto, (max-width: 1024px) 100vw, 1024px\" \/><\/figure>\n\n\n\n<p><strong><mark style=\"background-color:rgba(0, 0, 0, 0)\" class=\"has-inline-color has-vivid-green-cyan-color\">Start:<br>Freitag, 20.02.26-27.03.2026<br>Uhrzeit: 16:15-17:45 Uhr<br>Dauer: 6 x 90 Minuten<br>Kosten: 180,-\u20ac<\/mark><\/strong><\/p>\n\n\n\n<p>Max. 4 Mensch-Hund-Teams.<\/p>\n\n\n\n<p><strong>Kursgeb\u00fchr ist vor der 1. Trainingsstunde zu entrichten.<\/strong><\/p>\n\n\n\n<p><strong>Vers\u00e4umte Trainingsstunden k\u00f6nnen leider aus organisatorischen Gr\u00fcnden nicht nachgeholt werden und verfallen, da es sich um einen geschlossenen Kurs handelt.<\/strong><\/p>\n\n\n\n<p>Melde Dich gerne bei uns, wenn Du dabei sein m\u00f6chtest!<\/p>\n\n\n\n<p><\/p>\n","protected":false},"excerpt":{"rendered":"<p>F\u00e4hrtenarbeit ist eine hervorragende Besch\u00e4ftigung f\u00fcr Hunde, weil sie ihre nat\u00fcrlichen F\u00e4higkeiten nutzt und sie sowohl k\u00f6rperlich als auch geistig fordert. Hier sind die wichtigsten Gr\u00fcnde, warum F\u00e4hrtenarbeit eine so gute Auslastung f\u00fcr Hunde darstellt.Hunde haben einen au\u00dfergew\u00f6hnlichen Geruchssinn, der etwa 10.000- bis 100.000-mal besser ist als der des Menschen. F\u00e4hrtenarbeit spricht diesen nat\u00fcrlichen Instinkt an und gibt dem Hund eine Aufgabe, die seinen genetischen Anlagen entspricht.Beim Suchen und Verfolgen einer Spur muss der Hund sich stark konzentrieren. Er analysiert Geruchspartikel, differenziert zwischen verschiedenen Duftspuren und bleibt dabei fokussiert. Diese geistige Arbeit ist f\u00fcr Hunde \u00e4u\u00dferst anspruchsvoll und befriedigend.Auch wenn die Bewegung bei der F\u00e4hrtenarbeit moderat ist, bleibt der Hund dennoch k\u00f6rperlich aktiv. Das gleichm\u00e4\u00dfige Gehen in Kombination mit der Nasenarbeit fordert ihn k\u00f6rperlich und hilft, Energie abzubauen. Erfolgserlebnisse bei der F\u00e4hrtenarbeit, wie das Finden des Ziels oder einer bestimmten Spur, f\u00f6rdern das Selbstbewusstsein des Hundes. Dies ist besonders hilfreich f\u00fcr unsichere oder \u00e4ngstliche Hunde.F\u00e4hrtenarbeit erfordert Zusammenarbeit zwischen Menschen und Hund. Der Mensch gibt Hinweise oder Hilfestellungen, w\u00e4hrend der Hund seine Nase einsetzt. Diese Teamarbeit st\u00e4rkt die Bindung und das gegenseitige Vertrauen.F\u00e4hrtenarbeit kann an verschiedene Umgebungen (Wald, Wiesen, Stadt) und Schwierigkeitsgrade angepasst werden, was sie f\u00fcr fast alle Hunde geeignet macht \u2013 unabh\u00e4ngig von Alter, Rasse oder Fitnesslevel.Die konzentrierte und ruhige Arbeit beim Verfolgen einer F\u00e4hrte hat eine beruhigende Wirkung auf Hunde. Es hilft ihnen, Stress und \u00fcbersch\u00fcssige Energie abzubauen. F\u00e4hrtenarbeit ist also nicht nur eine sinnvolle Auslastung, sondern auch eine gro\u00dfartige M\u00f6glichkeit, den Hund in seiner Nat\u00fcrlichkeit zu f\u00f6rdern und gleichzeitig die Mensch-Hund-Beziehung zu st\u00e4rken. In einer kleinen Gruppe zeige ich Dir kleinschrittig, wie Du Deinen Hund an die F\u00e4hrtenarbeit heranf\u00fchrst. Mach aus deinem Hund eine echte Sp\u00fcrnase und geh mit ihm auf F\u00e4hrtensuche. Start:Freitag, 20.02.26-27.03.2026Uhrzeit: 16:15-17:45 UhrDauer: 6 x 90 MinutenKosten: 180,-\u20ac Max. 4 Mensch-Hund-Teams. Kursgeb\u00fchr ist vor der 1. Trainingsstunde zu entrichten. Vers\u00e4umte Trainingsstunden k\u00f6nnen leider aus organisatorischen Gr\u00fcnden nicht nachgeholt werden und verfallen, da es sich um einen geschlossenen Kurs handelt. Melde Dich gerne bei uns, wenn Du dabei sein m\u00f6chtest!<\/p>\n","protected":false},"author":1,"featured_media":428,"parent":0,"menu_order":0,"comment_status":"closed","ping_status":"closed","template":"","meta":{"footnotes":""},"class_list":["post-213","page","type-page","status-publish","has-post-thumbnail","hentry"],"acf":[],"jetpack_sharing_enabled":true,"_links":{"self":[{"href":"https:\/\/hundeschule-streicher.de\/index.php?rest_route=\/wp\/v2\/pages\/213","targetHints":{"allow":["GET"]}}],"collection":[{"href":"https:\/\/hundeschule-streicher.de\/index.php?rest_route=\/wp\/v2\/pages"}],"about":[{"href":"https:\/\/hundeschule-streicher.de\/index.php?rest_route=\/wp\/v2\/types\/page"}],"author":[{"embeddable":true,"href":"https:\/\/hundeschule-streicher.de\/index.php?rest_route=\/wp\/v2\/users\/1"}],"replies":[{"embeddable":true,"href":"https:\/\/hundeschule-streicher.de\/index.php?rest_route=%2Fwp%2Fv2%2Fcomments&post=213"}],"version-history":[{"count":13,"href":"https:\/\/hundeschule-streicher.de\/index.php?rest_route=\/wp\/v2\/pages\/213\/revisions"}],"predecessor-version":[{"id":730,"href":"https:\/\/hundeschule-streicher.de\/index.php?rest_route=\/wp\/v2\/pages\/213\/revisions\/730"}],"wp:featuredmedia":[{"embeddable":true,"href":"https:\/\/hundeschule-streicher.de\/index.php?rest_route=\/wp\/v2\/media\/428"}],"wp:attachment":[{"href":"https:\/\/hundeschule-streicher.de\/index.php?rest_route=%2Fwp%2Fv2%2Fmedia&parent=213"}],"curies":[{"name":"wp","href":"https:\/\/api.w.org\/{rel}","templated":true}]}}