{"id":219,"date":"2024-12-01T13:54:45","date_gmt":"2024-12-01T12:54:45","guid":{"rendered":"https:\/\/42designs.de\/hundetraining\/?page_id=219"},"modified":"2026-03-08T13:59:09","modified_gmt":"2026-03-08T12:59:09","slug":"hausbesuch","status":"publish","type":"page","link":"https:\/\/hundeschule-streicher.de\/?page_id=219","title":{"rendered":"Individuelles Training bei Dir vor Ort"},"content":{"rendered":"\n<p>Manche Herausforderungen zeigen sich erst im Alltag. Direkt bei Dir zu Hause, vor der Haust\u00fcr, im Wohnumfeld oder auf dem t\u00e4glichen Spaziergang. Genau dort setzen wir mit unserem Vor-Ort-Training an.<br><br>Wir kommen zu euch, analysieren die Situation dort, wo die Schwierigkeiten tats\u00e4chlich entstehen. So k\u00f6nnen wir Verhalten, Ausl\u00f6ser und Dynamiken zwischen Mensch und Hund realistisch beurteilen und gezielt daran arbeiten. <br><br>Im Laufe unserer Arbeit haben wir jedoch festgestellt, dass viele Problematiken, wie z.B. Leinenaggression, Unsicherheit oder fehlende Orientierung nicht nachhaltig in einer einzelnen Trainingsstunde gel\u00f6st werden k\u00f6nnen. <br><br>Deshalb arbeiten wir mit individuellen Trainingspaketen. <br><br>Diese geben uns die M\u00f6glichkeit, \u00fcber mehrere Termine hinweg strukturiert zu arbeiten, Fortschritte zu begleiten und die Entwicklung eures Hundes Schritt f\u00fcr Schritt zu stabilisieren. <\/p>\n\n\n\n<p>Dabei bleiben wir ganz flexibel: Jedes Mensch-Hund-Team bringt andere Voraussetzungen mit, weshalb wir gemeinsam schauen, welcher Trainingsrahmen f\u00fcr eure Situation sinnvoll ist. <br><br>In einem Gespr\u00e4ch besprechen wir eure aktuelle Situation und entscheiden anschlie\u00dfend gemeinsam, welche Form der Zusammenarbeit euch am besten unterst\u00fctzt. <br><br>Wenn du dir Unterst\u00fctzung w\u00fcnschst, kannst du gerne \u00fcber das Kontaktformular ein unverbindliches Erstgespr\u00e4ch vereinbaren. <br>Gemeinsam schauen wir dann, wo ihr gerade steht und wie wir euch am besten helfen k\u00f6nnen.<\/p>\n\n\n\n<p>Denn der erste Schritt zur Ver\u00e4nderung ist immer die Wahrnehmung.<\/p>\n","protected":false},"excerpt":{"rendered":"<p>Manche Herausforderungen zeigen sich erst im Alltag. Direkt bei Dir zu Hause, vor der Haust\u00fcr, im Wohnumfeld oder auf dem t\u00e4glichen Spaziergang. Genau dort setzen wir mit unserem Vor-Ort-Training an. Wir kommen zu euch, analysieren die Situation dort, wo die Schwierigkeiten tats\u00e4chlich entstehen. So k\u00f6nnen wir Verhalten, Ausl\u00f6ser und Dynamiken zwischen Mensch und Hund realistisch beurteilen und gezielt daran arbeiten. Im Laufe unserer Arbeit haben wir jedoch festgestellt, dass viele Problematiken, wie z.B. Leinenaggression, Unsicherheit oder fehlende Orientierung nicht nachhaltig in einer einzelnen Trainingsstunde gel\u00f6st werden k\u00f6nnen. Deshalb arbeiten wir mit individuellen Trainingspaketen. Diese geben uns die M\u00f6glichkeit, \u00fcber mehrere Termine hinweg strukturiert zu arbeiten, Fortschritte zu begleiten und die Entwicklung eures Hundes Schritt f\u00fcr Schritt zu stabilisieren. Dabei bleiben wir ganz flexibel: Jedes Mensch-Hund-Team bringt andere Voraussetzungen mit, weshalb wir gemeinsam schauen, welcher Trainingsrahmen f\u00fcr eure Situation sinnvoll ist. In einem Gespr\u00e4ch besprechen wir eure aktuelle Situation und entscheiden anschlie\u00dfend gemeinsam, welche Form der Zusammenarbeit euch am besten unterst\u00fctzt. Wenn du dir Unterst\u00fctzung w\u00fcnschst, kannst du gerne \u00fcber das Kontaktformular ein unverbindliches Erstgespr\u00e4ch vereinbaren. Gemeinsam schauen wir dann, wo ihr gerade steht und wie wir euch am besten helfen k\u00f6nnen. Denn der erste Schritt zur Ver\u00e4nderung ist immer die Wahrnehmung.<\/p>\n","protected":false},"author":1,"featured_media":525,"parent":0,"menu_order":0,"comment_status":"closed","ping_status":"closed","template":"","meta":{"footnotes":""},"class_list":["post-219","page","type-page","status-publish","has-post-thumbnail","hentry"],"acf":[],"jetpack_sharing_enabled":true,"_links":{"self":[{"href":"https:\/\/hundeschule-streicher.de\/index.php?rest_route=\/wp\/v2\/pages\/219","targetHints":{"allow":["GET"]}}],"collection":[{"href":"https:\/\/hundeschule-streicher.de\/index.php?rest_route=\/wp\/v2\/pages"}],"about":[{"href":"https:\/\/hundeschule-streicher.de\/index.php?rest_route=\/wp\/v2\/types\/page"}],"author":[{"embeddable":true,"href":"https:\/\/hundeschule-streicher.de\/index.php?rest_route=\/wp\/v2\/users\/1"}],"replies":[{"embeddable":true,"href":"https:\/\/hundeschule-streicher.de\/index.php?rest_route=%2Fwp%2Fv2%2Fcomments&post=219"}],"version-history":[{"count":18,"href":"https:\/\/hundeschule-streicher.de\/index.php?rest_route=\/wp\/v2\/pages\/219\/revisions"}],"predecessor-version":[{"id":805,"href":"https:\/\/hundeschule-streicher.de\/index.php?rest_route=\/wp\/v2\/pages\/219\/revisions\/805"}],"wp:featuredmedia":[{"embeddable":true,"href":"https:\/\/hundeschule-streicher.de\/index.php?rest_route=\/wp\/v2\/media\/525"}],"wp:attachment":[{"href":"https:\/\/hundeschule-streicher.de\/index.php?rest_route=%2Fwp%2Fv2%2Fmedia&parent=219"}],"curies":[{"name":"wp","href":"https:\/\/api.w.org\/{rel}","templated":true}]}}