{"id":252,"date":"2024-12-27T16:24:55","date_gmt":"2024-12-27T15:24:55","guid":{"rendered":"https:\/\/42designs.de\/hundetraining\/?page_id=252"},"modified":"2025-12-08T17:24:45","modified_gmt":"2025-12-08T16:24:45","slug":"welpenkurs-2","status":"publish","type":"page","link":"https:\/\/hundeschule-streicher.de\/?page_id=252","title":{"rendered":"Welpenkurs"},"content":{"rendered":"\n<p>Alter der Hunde: 8-15 Wochen<\/p>\n\n\n\n<p>Start: jeden Freitag November-M\u00e4rz 2025, 15:00 Uhr<br>Start: jeden Freitag April-Oktober 2025, 16:00 Uhr<\/p>\n\n\n\n<p>Dauer: 6 x 1 Std.<br>Kosten: 120,-\u20ac<\/p>\n\n\n\n<p><strong><mark style=\"background-color:rgba(0, 0, 0, 0)\" class=\"has-inline-color has-vivid-green-cyan-color\">!!!Neu!!! Du erh\u00e4ltst bei Bedarf von uns ein Videofeedback zu Deinem Training <\/mark><\/strong><\/p>\n\n\n\n<p>Kursgeb\u00fchr ist vor der 1. Trainingsstunde zu entrichten.<\/p>\n\n\n\n<p>Ort: Trainingsgel\u00e4nde, Philipp-Reis-Str., Bevern<\/p>\n\n\n\n<p>Die nachstehenden Themen werden im Rotationsprinzip bearbeitet, sodass jede Trainingseinheit einen Schwerpunkt setzt:<\/p>\n\n\n\n<ul class=\"wp-block-list\">\n<li>Sitz &amp; Umweltgew\u00f6hnung&nbsp; (verschiedene Untergr\u00fcnde&nbsp; Gegenst\u00e4nde)<\/li>\n\n\n\n<li>Laufen an lockerer Leine<\/li>\n\n\n\n<li>Platz &amp; Umweltgew\u00f6hnung (verschiedene Untergr\u00fcnde Gegenst\u00e4nde)<\/li>\n\n\n\n<li>Ausgeben von Futter &amp; Spielzeug, Nix vom Boden unerlaubt aufnehmen<\/li>\n\n\n\n<li>Ruhematte &amp; R\u00fcckruftraining<\/li>\n\n\n\n<li>Training in belebter Umgebung au\u00dferhalb des Trainingsplatzes: Marktplatz Holzminden und Umgebung<\/li>\n<\/ul>\n\n\n\n<p>Gruppengr\u00f6\u00dfe: 4-6 Mensch-Hund-Teams<\/p>\n\n\n\n<p>Es gibt im Welpenkurs Theorieanteile, wo wir all die Dinge besprechen, die mit dem Einzug des Welpen bedacht werden sollten. Gerne geben wir Dir vorab Infos zu rassespezifischen Eigenschaften Deines Welpen, erste Ausstattung f\u00fcr den Welpen, Tipps f\u00fcr die schnelle Gew\u00f6hnung an das neue zu Hause, Welpensicheres Zuhause, alleine bleiben uvm.<\/p>\n\n\n\n<p>Melden Dich gerne, wenn Du dabei sein m\u00f6chtest!<\/p>\n\n\n\n<p>Einstieg ist jederzeit m\u00f6glich! Anmeldung erforderlich.<\/p>\n\n\n\n<p><strong>Vers\u00e4umte Trainingsstunden k\u00f6nnen leider aus organisatorischen Gr\u00fcnden nicht nachgeholt werden und verfallen, da es sich um einen geschlossenen Kurs handelt.<\/strong><\/p>\n\n\n\n<p><\/p>\n","protected":false},"excerpt":{"rendered":"<p>Alter der Hunde: 8-15 Wochen Start: jeden Freitag November-M\u00e4rz 2025, 15:00 UhrStart: jeden Freitag April-Oktober 2025, 16:00 Uhr Dauer: 6 x 1 Std.Kosten: 120,-\u20ac !!!Neu!!! Du erh\u00e4ltst bei Bedarf von uns ein Videofeedback zu Deinem Training Kursgeb\u00fchr ist vor der 1. Trainingsstunde zu entrichten. Ort: Trainingsgel\u00e4nde, Philipp-Reis-Str., Bevern Die nachstehenden Themen werden im Rotationsprinzip bearbeitet, sodass jede Trainingseinheit einen Schwerpunkt setzt: Gruppengr\u00f6\u00dfe: 4-6 Mensch-Hund-Teams Es gibt im Welpenkurs Theorieanteile, wo wir all die Dinge besprechen, die mit dem Einzug des Welpen bedacht werden sollten. Gerne geben wir Dir vorab Infos zu rassespezifischen Eigenschaften Deines Welpen, erste Ausstattung f\u00fcr den Welpen, Tipps f\u00fcr die schnelle Gew\u00f6hnung an das neue zu Hause, Welpensicheres Zuhause, alleine bleiben uvm. Melden Dich gerne, wenn Du dabei sein m\u00f6chtest! Einstieg ist jederzeit m\u00f6glich! Anmeldung erforderlich. Vers\u00e4umte Trainingsstunden k\u00f6nnen leider aus organisatorischen Gr\u00fcnden nicht nachgeholt werden und verfallen, da es sich um einen geschlossenen Kurs handelt.<\/p>\n","protected":false},"author":2,"featured_media":433,"parent":0,"menu_order":0,"comment_status":"closed","ping_status":"closed","template":"","meta":{"footnotes":""},"class_list":["post-252","page","type-page","status-publish","has-post-thumbnail","hentry"],"acf":[],"jetpack_sharing_enabled":true,"_links":{"self":[{"href":"https:\/\/hundeschule-streicher.de\/index.php?rest_route=\/wp\/v2\/pages\/252","targetHints":{"allow":["GET"]}}],"collection":[{"href":"https:\/\/hundeschule-streicher.de\/index.php?rest_route=\/wp\/v2\/pages"}],"about":[{"href":"https:\/\/hundeschule-streicher.de\/index.php?rest_route=\/wp\/v2\/types\/page"}],"author":[{"embeddable":true,"href":"https:\/\/hundeschule-streicher.de\/index.php?rest_route=\/wp\/v2\/users\/2"}],"replies":[{"embeddable":true,"href":"https:\/\/hundeschule-streicher.de\/index.php?rest_route=%2Fwp%2Fv2%2Fcomments&post=252"}],"version-history":[{"count":12,"href":"https:\/\/hundeschule-streicher.de\/index.php?rest_route=\/wp\/v2\/pages\/252\/revisions"}],"predecessor-version":[{"id":716,"href":"https:\/\/hundeschule-streicher.de\/index.php?rest_route=\/wp\/v2\/pages\/252\/revisions\/716"}],"wp:featuredmedia":[{"embeddable":true,"href":"https:\/\/hundeschule-streicher.de\/index.php?rest_route=\/wp\/v2\/media\/433"}],"wp:attachment":[{"href":"https:\/\/hundeschule-streicher.de\/index.php?rest_route=%2Fwp%2Fv2%2Fmedia&parent=252"}],"curies":[{"name":"wp","href":"https:\/\/api.w.org\/{rel}","templated":true}]}}