{"id":301,"date":"2024-12-26T14:19:25","date_gmt":"2024-12-26T13:19:25","guid":{"rendered":"https:\/\/42designs.de\/hundetraining\/?page_id=301"},"modified":"2025-11-15T08:19:38","modified_gmt":"2025-11-15T07:19:38","slug":"erste-hilfe-fuer-den-hund","status":"publish","type":"page","link":"https:\/\/hundeschule-streicher.de\/?page_id=301","title":{"rendered":"Erste Hilfe f\u00fcr den Hund"},"content":{"rendered":"\n<p><strong>Der Hund ist in Notsituationen auf seinen Menschen angewiesen, jeder<\/strong> <strong>Mensch sollte seinem Hund in Notsituationen helfen k\u00f6nnen.<\/strong><\/p>\n\n\n\n<p><strong>Themen:<\/strong><\/p>\n\n\n\n<ul class=\"wp-block-list\">\n<li><strong>&nbsp;Selbstschutz in Notfallsituationen<\/strong><\/li>\n\n\n\n<li><strong>&nbsp;Anzeichen f\u00fcr Leben und Tod<\/strong><\/li>\n\n\n\n<li><strong>&nbsp;Transport von verletzten Hunden<\/strong><\/li>\n\n\n\n<li><strong>&nbsp;Wundbehandlung\/Verb\u00e4nde (Theorie\/Praxis)<\/strong><\/li>\n\n\n\n<li><strong>&nbsp;Blutungen stillen<\/strong><\/li>\n\n\n\n<li><strong>&nbsp;Notf\u00e4lle und Verletzungen (Polytrauma, Knochenbr\u00fcche)<\/strong><\/li>\n\n\n\n<li><strong>&nbsp;Schock<\/strong><\/li>\n\n\n\n<li><strong>&nbsp;Verletzungen des Auges\/Ohren\/Maul<\/strong><\/li>\n\n\n\n<li><strong>&nbsp;Verbrennungen\/Erfrierungen\/Ertrinken<\/strong><\/li>\n\n\n\n<li><strong>&nbsp;Stromschlag<\/strong><\/li>\n\n\n\n<li><strong>&nbsp;Vergiftungen<\/strong><\/li>\n\n\n\n<li><strong>&nbsp;Fremdk\u00f6rper in den Atemwegen\/Magen- Darmtrakt<\/strong><\/li>\n<\/ul>\n\n\n\n<p>Jeder Teilnehmer erh\u00e4lt ein ausf\u00fchrliches Handout von dem Erste-Hilfe-Abend.<\/p>\n\n\n\n<p>Neue Termine erscheinen ab Januar 2026<br><br><br>Bei Interesse melde Dich gerne bei uns.<br><\/p>\n\n\n\n<p><\/p>\n","protected":false},"excerpt":{"rendered":"<p>Der Hund ist in Notsituationen auf seinen Menschen angewiesen, jeder Mensch sollte seinem Hund in Notsituationen helfen k\u00f6nnen. Themen: Jeder Teilnehmer erh\u00e4lt ein ausf\u00fchrliches Handout von dem Erste-Hilfe-Abend. Neue Termine erscheinen ab Januar 2026 Bei Interesse melde Dich gerne bei uns.<\/p>\n","protected":false},"author":2,"featured_media":479,"parent":0,"menu_order":0,"comment_status":"closed","ping_status":"closed","template":"","meta":{"footnotes":""},"class_list":["post-301","page","type-page","status-publish","has-post-thumbnail","hentry"],"acf":[],"jetpack_sharing_enabled":true,"_links":{"self":[{"href":"https:\/\/hundeschule-streicher.de\/index.php?rest_route=\/wp\/v2\/pages\/301","targetHints":{"allow":["GET"]}}],"collection":[{"href":"https:\/\/hundeschule-streicher.de\/index.php?rest_route=\/wp\/v2\/pages"}],"about":[{"href":"https:\/\/hundeschule-streicher.de\/index.php?rest_route=\/wp\/v2\/types\/page"}],"author":[{"embeddable":true,"href":"https:\/\/hundeschule-streicher.de\/index.php?rest_route=\/wp\/v2\/users\/2"}],"replies":[{"embeddable":true,"href":"https:\/\/hundeschule-streicher.de\/index.php?rest_route=%2Fwp%2Fv2%2Fcomments&post=301"}],"version-history":[{"count":5,"href":"https:\/\/hundeschule-streicher.de\/index.php?rest_route=\/wp\/v2\/pages\/301\/revisions"}],"predecessor-version":[{"id":677,"href":"https:\/\/hundeschule-streicher.de\/index.php?rest_route=\/wp\/v2\/pages\/301\/revisions\/677"}],"wp:featuredmedia":[{"embeddable":true,"href":"https:\/\/hundeschule-streicher.de\/index.php?rest_route=\/wp\/v2\/media\/479"}],"wp:attachment":[{"href":"https:\/\/hundeschule-streicher.de\/index.php?rest_route=%2Fwp%2Fv2%2Fmedia&parent=301"}],"curies":[{"name":"wp","href":"https:\/\/api.w.org\/{rel}","templated":true}]}}