{"id":315,"date":"2024-12-27T17:14:22","date_gmt":"2024-12-27T16:14:22","guid":{"rendered":"https:\/\/42designs.de\/hundetraining\/?page_id=315"},"modified":"2025-03-23T15:22:22","modified_gmt":"2025-03-23T14:22:22","slug":"junghunde-i","status":"publish","type":"page","link":"https:\/\/hundeschule-streicher.de\/?page_id=315","title":{"rendered":"Junghunde I"},"content":{"rendered":"\n<p>Dieser Kurs ist der Folgekurs nach dem Welpenkurs oder f\u00fcr Junghunde die noch keine Gruppenerfahrung haben.<br><br><strong>\u00dcbungstag: Samstag, 10:00-11:00 Uhr<\/strong><br><strong>Kosten: 100,-\u20ac<\/strong><br><strong>Dauer: 6 x 60 min.<\/strong><\/p>\n\n\n\n<p><strong><mark style=\"background-color:rgba(0, 0, 0, 0)\" class=\"has-inline-color has-vivid-green-cyan-color\">!!!Neu!!! Du erh\u00e4ltst von uns ein individuelles Feedback auf Deine Trainingsvideos! <\/mark><\/strong><br><\/p>\n\n\n\n<p>Wir besch\u00e4ftigen uns mit Marker-u. Aufl\u00f6sesignalen und intensivieren das Deckentraining.<\/p>\n\n\n\n<p>Es geht um die Festigung bereits erlernter Basics aus dem Welpenkurs, wie die Grundsignale Sitz und Platz.<br>Jetzt wollen wir es so aufbauen, dass es auf Entfernung und auch unter Ablenkungsreizen sicher funktioniert.<\/p>\n\n\n\n<p>Ressourcen (Spielzeug und Futter), sollte der Junghund nun auf Signal nicht aufnehmen.<br><br>In der Gruppe besteht die M\u00f6glichkeit unter Ablenkung zu \u00fcben, denn alleine zu Hause, ist es oftmals schon m\u00f6glich, die \u00dcbungen abzufragen, aber sobald der Hund durch Au\u00dfenreize abgelenkt wird, sieht die Sache schon anders aus.<\/p>\n\n\n\n<p>Deswegen ist das Arbeiten in der Gruppe wichtig und sinnvoll. Denn nur so lernt der Hund, dass die durch den Menschen aufgestellten Regeln \u00fcberall gelten.<\/p>\n\n\n\n<p>Zus\u00e4tzlich besteht die M\u00f6glichkeit sich \u00fcber Fragen rund um den Hund innerhalb der Gruppe auszutauschen.<\/p>\n\n\n\n<p><strong>Kursgeb\u00fchr ist vor der 1. Trainingsstunde zu entrichten.<\/strong><\/p>\n\n\n\n<p><strong>Vers\u00e4umte Trainingsstunden k\u00f6nnen leider aus organisatorischen Gr\u00fcnden nicht nachgeholt werden und verfallen, da es sich um einen geschlossenen Kurs handelt.<\/strong><\/p>\n\n\n\n<p>Melde Dich gerne bei uns, wenn Du dabei sein m\u00f6chtest!<\/p>\n\n\n","protected":false},"excerpt":{"rendered":"<p>Dieser Kurs ist der Folgekurs nach dem Welpenkurs oder f\u00fcr Junghunde die noch keine Gruppenerfahrung haben. \u00dcbungstag: Samstag, 10:00-11:00 UhrKosten: 100,-\u20acDauer: 6 x 60 min. !!!Neu!!! Du erh\u00e4ltst von uns ein individuelles Feedback auf Deine Trainingsvideos! Wir besch\u00e4ftigen uns mit Marker-u. Aufl\u00f6sesignalen und intensivieren das Deckentraining. Es geht um die Festigung bereits erlernter Basics aus dem Welpenkurs, wie die Grundsignale Sitz und Platz.Jetzt wollen wir es so aufbauen, dass es auf Entfernung und auch unter Ablenkungsreizen sicher funktioniert. Ressourcen (Spielzeug und Futter), sollte der Junghund nun auf Signal nicht aufnehmen. In der Gruppe besteht die M\u00f6glichkeit unter Ablenkung zu \u00fcben, denn alleine zu Hause, ist es oftmals schon m\u00f6glich, die \u00dcbungen abzufragen, aber sobald der Hund durch Au\u00dfenreize abgelenkt wird, sieht die Sache schon anders aus. Deswegen ist das Arbeiten in der Gruppe wichtig und sinnvoll. Denn nur so lernt der Hund, dass die durch den Menschen aufgestellten Regeln \u00fcberall gelten. Zus\u00e4tzlich besteht die M\u00f6glichkeit sich \u00fcber Fragen rund um den Hund innerhalb der Gruppe auszutauschen. Kursgeb\u00fchr ist vor der 1. Trainingsstunde zu entrichten. Vers\u00e4umte Trainingsstunden k\u00f6nnen leider aus organisatorischen Gr\u00fcnden nicht nachgeholt werden und verfallen, da es sich um einen geschlossenen Kurs handelt. Melde Dich gerne bei uns, wenn Du dabei sein m\u00f6chtest!<\/p>\n","protected":false},"author":2,"featured_media":464,"parent":0,"menu_order":0,"comment_status":"closed","ping_status":"closed","template":"","meta":{"footnotes":""},"class_list":["post-315","page","type-page","status-publish","has-post-thumbnail","hentry"],"acf":[],"jetpack_sharing_enabled":true,"_links":{"self":[{"href":"https:\/\/hundeschule-streicher.de\/index.php?rest_route=\/wp\/v2\/pages\/315","targetHints":{"allow":["GET"]}}],"collection":[{"href":"https:\/\/hundeschule-streicher.de\/index.php?rest_route=\/wp\/v2\/pages"}],"about":[{"href":"https:\/\/hundeschule-streicher.de\/index.php?rest_route=\/wp\/v2\/types\/page"}],"author":[{"embeddable":true,"href":"https:\/\/hundeschule-streicher.de\/index.php?rest_route=\/wp\/v2\/users\/2"}],"replies":[{"embeddable":true,"href":"https:\/\/hundeschule-streicher.de\/index.php?rest_route=%2Fwp%2Fv2%2Fcomments&post=315"}],"version-history":[{"count":13,"href":"https:\/\/hundeschule-streicher.de\/index.php?rest_route=\/wp\/v2\/pages\/315\/revisions"}],"predecessor-version":[{"id":674,"href":"https:\/\/hundeschule-streicher.de\/index.php?rest_route=\/wp\/v2\/pages\/315\/revisions\/674"}],"wp:featuredmedia":[{"embeddable":true,"href":"https:\/\/hundeschule-streicher.de\/index.php?rest_route=\/wp\/v2\/media\/464"}],"wp:attachment":[{"href":"https:\/\/hundeschule-streicher.de\/index.php?rest_route=%2Fwp%2Fv2%2Fmedia&parent=315"}],"curies":[{"name":"wp","href":"https:\/\/api.w.org\/{rel}","templated":true}]}}