{"id":318,"date":"2024-12-27T17:15:28","date_gmt":"2024-12-27T16:15:28","guid":{"rendered":"https:\/\/42designs.de\/hundetraining\/?page_id=318"},"modified":"2025-01-12T09:28:30","modified_gmt":"2025-01-12T08:28:30","slug":"junghunde-ii","status":"publish","type":"page","link":"https:\/\/hundeschule-streicher.de\/?page_id=318","title":{"rendered":"Junghunde II"},"content":{"rendered":"\n<p>Dieser Kurs ist f\u00fcr Junghunde ab der 32. Lebenswoche, wo wir an den Themen rund um Junghunde bis zu einem Jahr trainieren.<br><br><strong>\u00dcbungstag: Samstag, 11:00-12:00 Uhr<\/strong><br><strong>Kosten: 100,-\u20ac<\/strong><br><strong>Dauer: 6 x 60 min.<\/strong><br><strong>Ort: Bevern, Philipp-Reis-Str. (Trainingsgel\u00e4nde gegen\u00fcber Baustoffhandel Stock)<\/strong><\/p>\n\n\n\n<p><strong><mark style=\"background-color:rgba(0, 0, 0, 0)\" class=\"has-inline-color has-vivid-green-cyan-color\">!!!Neu!!! Du erh\u00e4ltst von uns ein individuelles Feedback auf Deine Trainingsvideos! <\/mark><\/strong><\/p>\n\n\n\n<p><strong>Mach den n\u00e4chsten Schritt!<\/strong><\/p>\n\n\n\n<p>Gerade in der Pubert\u00e4t stellen Hunde vieles auf den Kopf. Sie scheinen zu vergessen, was sie bisher gelernt haben und selbst Mustersch\u00fcler stellen ihre Besitzer und deren Erziehung pl\u00f6tzlich in Frage. In Folge der Pubert\u00e4t herrscht Ausnahmezustand im Gehirn Ihres Hundes. Man k\u00f6nnte sagen:<br>Wegen Umbau geschlossen!<br><br>Aber die gute Nachricht ist, durch Konsequenz, Ruhe, fairem Umgang und Training&nbsp; wirst Du lernen Deinen Hund auch durch diese Phase zuf\u00fchren.&nbsp;&nbsp;&nbsp;&nbsp;&nbsp;&nbsp;&nbsp;<\/p>\n\n\n\n<p><strong>Ziel:<\/strong><\/p>\n\n\n\n<ul class=\"wp-block-list\">\n<li>Festigung der Grundkommandos: Sitz,Platz, Bleib und R\u00fcckruf<\/li>\n\n\n\n<li>Deckentraining und Distanzarbeit<\/li>\n\n\n\n<li>Ruhe und Impulskontrolle auch in aufregenden Situationen<\/li>\n\n\n\n<li>Sichere Leinenf\u00fchrigkeit und souver\u00e4ner Umgang mit Umweltreizen<\/li>\n\n\n\n<li>Sozialverhalten gegen\u00fcber Artgenossen und Menschen<\/li>\n<\/ul>\n\n\n\n<p>Durch die Kombination aus Training und Gemeinschaft wird nicht nur Dein Hund, sondern auch Du als Halter gest\u00e4rkt. Gemeinsam schaffen wir die Basis f\u00fcr ein entspanntes Zusammenleben!<\/p>\n\n\n\n<p>Melde Dich gerne bei uns, wenn Du mit Deinem Hund dabei sein m\u00f6chtest.<\/p>\n\n\n\n<p>Bei Trainingsstunden, die nicht innerhalb von 24 Stunden vorher abgesagt werden, behalte ich es mir vor die Stunde zu berechnen!<\/p>\n","protected":false},"excerpt":{"rendered":"<p>Dieser Kurs ist f\u00fcr Junghunde ab der 32. Lebenswoche, wo wir an den Themen rund um Junghunde bis zu einem Jahr trainieren. \u00dcbungstag: Samstag, 11:00-12:00 UhrKosten: 100,-\u20acDauer: 6 x 60 min.Ort: Bevern, Philipp-Reis-Str. (Trainingsgel\u00e4nde gegen\u00fcber Baustoffhandel Stock) !!!Neu!!! Du erh\u00e4ltst von uns ein individuelles Feedback auf Deine Trainingsvideos! Mach den n\u00e4chsten Schritt! Gerade in der Pubert\u00e4t stellen Hunde vieles auf den Kopf. Sie scheinen zu vergessen, was sie bisher gelernt haben und selbst Mustersch\u00fcler stellen ihre Besitzer und deren Erziehung pl\u00f6tzlich in Frage. In Folge der Pubert\u00e4t herrscht Ausnahmezustand im Gehirn Ihres Hundes. Man k\u00f6nnte sagen:Wegen Umbau geschlossen! Aber die gute Nachricht ist, durch Konsequenz, Ruhe, fairem Umgang und Training&nbsp; wirst Du lernen Deinen Hund auch durch diese Phase zuf\u00fchren.&nbsp;&nbsp;&nbsp;&nbsp;&nbsp;&nbsp;&nbsp; Ziel: Durch die Kombination aus Training und Gemeinschaft wird nicht nur Dein Hund, sondern auch Du als Halter gest\u00e4rkt. Gemeinsam schaffen wir die Basis f\u00fcr ein entspanntes Zusammenleben! Melde Dich gerne bei uns, wenn Du mit Deinem Hund dabei sein m\u00f6chtest. Bei Trainingsstunden, die nicht innerhalb von 24 Stunden vorher abgesagt werden, behalte ich es mir vor die Stunde zu berechnen!<\/p>\n","protected":false},"author":2,"featured_media":465,"parent":0,"menu_order":0,"comment_status":"closed","ping_status":"closed","template":"","meta":{"footnotes":""},"class_list":["post-318","page","type-page","status-publish","has-post-thumbnail","hentry"],"acf":[],"jetpack_sharing_enabled":true,"_links":{"self":[{"href":"https:\/\/hundeschule-streicher.de\/index.php?rest_route=\/wp\/v2\/pages\/318","targetHints":{"allow":["GET"]}}],"collection":[{"href":"https:\/\/hundeschule-streicher.de\/index.php?rest_route=\/wp\/v2\/pages"}],"about":[{"href":"https:\/\/hundeschule-streicher.de\/index.php?rest_route=\/wp\/v2\/types\/page"}],"author":[{"embeddable":true,"href":"https:\/\/hundeschule-streicher.de\/index.php?rest_route=\/wp\/v2\/users\/2"}],"replies":[{"embeddable":true,"href":"https:\/\/hundeschule-streicher.de\/index.php?rest_route=%2Fwp%2Fv2%2Fcomments&post=318"}],"version-history":[{"count":9,"href":"https:\/\/hundeschule-streicher.de\/index.php?rest_route=\/wp\/v2\/pages\/318\/revisions"}],"predecessor-version":[{"id":625,"href":"https:\/\/hundeschule-streicher.de\/index.php?rest_route=\/wp\/v2\/pages\/318\/revisions\/625"}],"wp:featuredmedia":[{"embeddable":true,"href":"https:\/\/hundeschule-streicher.de\/index.php?rest_route=\/wp\/v2\/media\/465"}],"wp:attachment":[{"href":"https:\/\/hundeschule-streicher.de\/index.php?rest_route=%2Fwp%2Fv2%2Fmedia&parent=318"}],"curies":[{"name":"wp","href":"https:\/\/api.w.org\/{rel}","templated":true}]}}