{"id":417,"date":"2024-12-26T14:17:52","date_gmt":"2024-12-26T13:17:52","guid":{"rendered":"https:\/\/42designs.de\/hundetraining\/?page_id=417"},"modified":"2024-12-27T17:58:38","modified_gmt":"2024-12-27T16:58:38","slug":"sachkundenachweis","status":"publish","type":"page","link":"https:\/\/hundeschule-streicher.de\/?page_id=417","title":{"rendered":"Sachkundenachweis"},"content":{"rendered":"\n<p><strong>f\u00fcr Hundehalter<\/strong><\/p>\n\n\n\n<p><strong>Sachkundepr\u00fcfung \u00a0auch Hundef\u00fchrerschein genannt<\/strong><\/p>\n\n\n\n<p><br>Seit 2013 gilt in Niedersachsen eine neue Regelung im Hundegesetz. &nbsp;Der Hundehalter muss \u00fcber einen Sachkundenachweis verf\u00fcgen und seinen Hund beim Zentralen Register anmelden.<br><br><strong>Nachweis der Sachkunde<\/strong><br>Ab dem 1. Juli 2013 m\u00fcssen Hundehalter ihre Sachkunde nachweisen k\u00f6nnen.<br>Hundehalter\/innen, die sich nach dem 1. Juli 2011 erstmals einen Hund angeschafft haben und laut Gesetz nicht anderweitig als sachkundig gelten, m\u00fcssen den Nachweis der Sachkunde \u00fcber eine theoretische und praktische Pr\u00fcfung erbringen.<br><br>Die theoretische Pr\u00fcfung ist vor Aufnahme der Hundehaltung, die praktische Pr\u00fcfung innerhalb des ersten Jahres der Hundehaltung abzulegen.<\/p>\n\n\n\n<p>Im Verlauf der praktischen Pr\u00fcfung soll unter anderem nachgewiesen werden, dass der Halter den Hund einsch\u00e4tzen kann, gef\u00e4hrliche Situationen erkennt und in der Lage ist, etwaigen Gefahren vorzubeugen. Der Halter muss den Hund so kontrollieren, dass von diesem keine Gefahr f\u00fcr die \u00f6ffentliche Sicherheit und Ordnung ausgeht.<br><br>Auf der Homepage <a href=\"http:\/\/www.ml.niedersachsen.de\" target=\"_blank\" rel=\"noreferrer noopener\">http:\/\/www.ml.niedersachsen.de<\/a> sind unter anderem Beispielfragen zur theoretischen Sachkundepr\u00fcfung ver\u00f6ffentlicht, die dem Hundehalter\/der Hundehalterin einen Einblick in die Pr\u00fcfung geben sollen.<br>Der Sachkundenachweis kann direkt erworben werden, ein Vorbereitungskursus dazu ist nicht obligatorisch.<br><br>Die theoretische Pr\u00fcfung besteht aus 35 Fragen, die in 45 Min. beantwortet werden m\u00fcssen.<br>In der praktischen Pr\u00fcfung geht es um das sichere F\u00fchren des Hundes in der \u00d6ffentlichkeit. Begegnungen mit anderen Hunden und Menschen ohne Gef\u00e4hrdung, Bel\u00e4stigung oder Behinderungen anderer Personen oder anderen Hunden. Hilfsmittel wie z.B. ein Maulkorb sind zul\u00e4ssig.<br>Die Pr\u00fcfung findet an mindestens zwei verschiedenen Orten in der \u00d6ffentlichkeit statt.<br><br>Beide Pr\u00fcfungen k\u00f6nnen bei mir in nach terminlicher Abstimmung absolviert werden.<br><br><strong>Nehmen Sie gerne mit mir Kontakt auf, wenn Sie den einen Termin vereinbaren m\u00f6chten (Kontaktformular, Mobil, Email)<\/strong><\/p>\n\n\n\n<p><strong>Folgende Verpflichtungen ergeben sich daraus f\u00fcr Hundehalter:<\/strong><br>\u2022 Zentrales Register<br>Jede Hundehalterin und jeder Hundehalter muss ihren\/seinen Hund beim Zentralen Register anmelden. Mit dem landesweiten Register soll der Hundehalter z\u00fcgig ermittelt werden k\u00f6nnen &#8211; etwa bei einem Bei\u00dfvorfall, wenn die Halterfrage vor Ort nicht anders gekl\u00e4rt werden kann. Das Register wird durch die GovConnect GmbH (vormals: Kommunale Systemhaus Niedersachen GmbH) im Auftrag des Landes Niedersachsen gef\u00fchrt. F\u00fcr die Anmeldung eines Hundes wird eine einmalige Geb\u00fchr in H\u00f6he von 14,50 Euro (zzgl. MwSt.) f\u00fcr eine Online-Registrierung erhoben. Eine telefonische bzw. schriftliche Anmeldung (auch E-Mail) kostet 23,50 Euro (zzgl. MwSt.).<br>Die Registrierung ist unter: <a href=\"http:\/\/www.hunderegister-nds.de\" target=\"_blank\" rel=\"noreferrer noopener\">www.hunderegister-nds.de<\/a> oder telefonisch unter 0441\/39010400 m\u00f6glich.<br>\u2022 In Niedersachsen besteht die Pflicht eine Hundehaftpflichtversicherung f\u00fcr seinen Hund abzuschlie\u00dfen.<br>\u2022 Hunde, die \u00e4lter sind als 6 Monate, m\u00fcssen mit einem Transponder (Chip) gekennzeichnet werden.<br><br><br><br>Literaturvorschl\u00e4ge:<br>Literaturvorschl\u00e4ge zur Vorbereitung auf die Sachkundepr\u00fcfung gem\u00e4\u00df \u00a7 3 Abs. 2 NHundG<strong><br><br>Sachkunde f\u00fcr Hundehalter<\/strong><br>D.U. Feddersen-Petersen (Hrg.)<br>ISBN 978-3-942335-94-2<br><br><strong>Der Hunde-F\u00fchrerschein<\/strong><br>Celina del Amo, Renate Jones-Baade, Karina Mahnke; Ulmer-Verlag<br>ISBN 978-3-8001-5952-9<br><br><strong>Hundeverhalten<\/strong><br>Barbara Sch\u00f6ning; Kosmos-Verlag<br>ISBN 978-3-440-11181-9<br><br><strong>VDH-Hundef\u00fchrerschein Verband f\u00fcr das Deutsche Hundewesen (VDH) <\/strong>Westfalenstra\u00dfe 174, 44141 Dortmund<br>ISBN 978-3980154543<\/p>\n","protected":false},"excerpt":{"rendered":"<p>f\u00fcr Hundehalter Sachkundepr\u00fcfung \u00a0auch Hundef\u00fchrerschein genannt Seit 2013 gilt in Niedersachsen eine neue Regelung im Hundegesetz. &nbsp;Der Hundehalter muss \u00fcber einen Sachkundenachweis verf\u00fcgen und seinen Hund beim Zentralen Register anmelden. Nachweis der SachkundeAb dem 1. Juli 2013 m\u00fcssen Hundehalter ihre Sachkunde nachweisen k\u00f6nnen.Hundehalter\/innen, die sich nach dem 1. Juli 2011 erstmals einen Hund angeschafft haben und laut Gesetz nicht anderweitig als sachkundig gelten, m\u00fcssen den Nachweis der Sachkunde \u00fcber eine theoretische und praktische Pr\u00fcfung erbringen. Die theoretische Pr\u00fcfung ist vor Aufnahme der Hundehaltung, die praktische Pr\u00fcfung innerhalb des ersten Jahres der Hundehaltung abzulegen. Im Verlauf der praktischen Pr\u00fcfung soll unter anderem nachgewiesen werden, dass der Halter den Hund einsch\u00e4tzen kann, gef\u00e4hrliche Situationen erkennt und in der Lage ist, etwaigen Gefahren vorzubeugen. Der Halter muss den Hund so kontrollieren, dass von diesem keine Gefahr f\u00fcr die \u00f6ffentliche Sicherheit und Ordnung ausgeht. Auf der Homepage http:\/\/www.ml.niedersachsen.de sind unter anderem Beispielfragen zur theoretischen Sachkundepr\u00fcfung ver\u00f6ffentlicht, die dem Hundehalter\/der Hundehalterin einen Einblick in die Pr\u00fcfung geben sollen.Der Sachkundenachweis kann direkt erworben werden, ein Vorbereitungskursus dazu ist nicht obligatorisch. Die theoretische Pr\u00fcfung besteht aus 35 Fragen, die in 45 Min. beantwortet werden m\u00fcssen.In der praktischen Pr\u00fcfung geht es um das sichere F\u00fchren des Hundes in der \u00d6ffentlichkeit. Begegnungen mit anderen Hunden und Menschen ohne Gef\u00e4hrdung, Bel\u00e4stigung oder Behinderungen anderer Personen oder anderen Hunden. Hilfsmittel wie z.B. ein Maulkorb sind zul\u00e4ssig.Die Pr\u00fcfung findet an mindestens zwei verschiedenen Orten in der \u00d6ffentlichkeit statt. Beide Pr\u00fcfungen k\u00f6nnen bei mir in nach terminlicher Abstimmung absolviert werden. Nehmen Sie gerne mit mir Kontakt auf, wenn Sie den einen Termin vereinbaren m\u00f6chten (Kontaktformular, Mobil, Email) Folgende Verpflichtungen ergeben sich daraus f\u00fcr Hundehalter:\u2022 Zentrales RegisterJede Hundehalterin und jeder Hundehalter muss ihren\/seinen Hund beim Zentralen Register anmelden. Mit dem landesweiten Register soll der Hundehalter z\u00fcgig ermittelt werden k\u00f6nnen &#8211; etwa bei einem Bei\u00dfvorfall, wenn die Halterfrage vor Ort nicht anders gekl\u00e4rt werden kann. Das Register wird durch die GovConnect GmbH (vormals: Kommunale Systemhaus Niedersachen GmbH) im Auftrag des Landes Niedersachsen gef\u00fchrt. F\u00fcr die Anmeldung eines Hundes wird eine einmalige Geb\u00fchr in H\u00f6he von 14,50 Euro (zzgl. MwSt.) f\u00fcr eine Online-Registrierung erhoben. Eine telefonische bzw. schriftliche Anmeldung (auch E-Mail) kostet 23,50 Euro (zzgl. MwSt.).Die Registrierung ist unter: www.hunderegister-nds.de oder telefonisch unter 0441\/39010400 m\u00f6glich.\u2022 In Niedersachsen besteht die Pflicht eine Hundehaftpflichtversicherung f\u00fcr seinen Hund abzuschlie\u00dfen.\u2022 Hunde, die \u00e4lter sind als 6 Monate, m\u00fcssen mit einem Transponder (Chip) gekennzeichnet werden. Literaturvorschl\u00e4ge:Literaturvorschl\u00e4ge zur Vorbereitung auf die Sachkundepr\u00fcfung gem\u00e4\u00df \u00a7 3 Abs. 2 NHundG Sachkunde f\u00fcr HundehalterD.U. Feddersen-Petersen (Hrg.)ISBN 978-3-942335-94-2 Der Hunde-F\u00fchrerscheinCelina del Amo, Renate Jones-Baade, Karina Mahnke; Ulmer-VerlagISBN 978-3-8001-5952-9 HundeverhaltenBarbara Sch\u00f6ning; Kosmos-VerlagISBN 978-3-440-11181-9 VDH-Hundef\u00fchrerschein Verband f\u00fcr das Deutsche Hundewesen (VDH) Westfalenstra\u00dfe 174, 44141 DortmundISBN 978-3980154543<\/p>\n","protected":false},"author":1,"featured_media":480,"parent":0,"menu_order":0,"comment_status":"closed","ping_status":"closed","template":"","meta":{"footnotes":""},"class_list":["post-417","page","type-page","status-publish","has-post-thumbnail","hentry"],"acf":[],"jetpack_sharing_enabled":true,"_links":{"self":[{"href":"https:\/\/hundeschule-streicher.de\/index.php?rest_route=\/wp\/v2\/pages\/417","targetHints":{"allow":["GET"]}}],"collection":[{"href":"https:\/\/hundeschule-streicher.de\/index.php?rest_route=\/wp\/v2\/pages"}],"about":[{"href":"https:\/\/hundeschule-streicher.de\/index.php?rest_route=\/wp\/v2\/types\/page"}],"author":[{"embeddable":true,"href":"https:\/\/hundeschule-streicher.de\/index.php?rest_route=\/wp\/v2\/users\/1"}],"replies":[{"embeddable":true,"href":"https:\/\/hundeschule-streicher.de\/index.php?rest_route=%2Fwp%2Fv2%2Fcomments&post=417"}],"version-history":[{"count":1,"href":"https:\/\/hundeschule-streicher.de\/index.php?rest_route=\/wp\/v2\/pages\/417\/revisions"}],"predecessor-version":[{"id":418,"href":"https:\/\/hundeschule-streicher.de\/index.php?rest_route=\/wp\/v2\/pages\/417\/revisions\/418"}],"wp:featuredmedia":[{"embeddable":true,"href":"https:\/\/hundeschule-streicher.de\/index.php?rest_route=\/wp\/v2\/media\/480"}],"wp:attachment":[{"href":"https:\/\/hundeschule-streicher.de\/index.php?rest_route=%2Fwp%2Fv2%2Fmedia&parent=417"}],"curies":[{"name":"wp","href":"https:\/\/api.w.org\/{rel}","templated":true}]}}