{"id":701,"date":"2025-12-28T16:37:12","date_gmt":"2025-12-28T15:37:12","guid":{"rendered":"https:\/\/hundeschule-streicher.de\/?page_id=701"},"modified":"2025-12-28T16:37:16","modified_gmt":"2025-12-28T15:37:16","slug":"zieh-mal-nicht-so","status":"publish","type":"page","link":"https:\/\/hundeschule-streicher.de\/?page_id=701","title":{"rendered":"Zieh mal nicht so!"},"content":{"rendered":"\n<p>Dein Hund zieht dich an der Leine durch die Gegend und Du f\u00fchlst Dich wie bei einem Schlittenhund-Rennen?<br>Dein Hund nimmt Dich mit auf den Spaziergang und Du darfst die Leine halten?<br><br>Jeder Spaziergang ist anstrengend, laut oder alles andere als entspannt?<\/p>\n\n\n\n<p>In diesem Kurs geht es um alle Hunde, die an der Leine ziehen \u2013 egal, ob aus Aufregung, Unsicherheit, Frust oder weil sie einfach nicht gelernt haben, ruhig an deiner Seite zu gehen.<\/p>\n\n\n\n<p>Du lernst, wie du deinen Hund klar und sicher f\u00fchrst, deine K\u00f6rpersprache gezielt einsetzt und &nbsp;Du so Schritt f\u00fcr Schritt, das Verhalten bekommst, welches Du Dir an der Leine w\u00fcnscht.<\/p>\n\n\n\n<p>Dein Hund soll lernen, sich an dir zu orientieren, statt die Umgebung zu scannen und nach vorne zu preschen. So wird aus Ziehen und Zerren nach und nach ein ruhiges, gemeinsames Gehen.<\/p>\n\n\n\n<p>Du bist hier richtig, wenn:<\/p>\n\n\n\n<ul class=\"wp-block-list\">\n<li>du genervt bist, weil dein Hund st\u00e4ndig an der Leine zieht.<\/li>\n\n\n\n<li>du dir entspannte Spazierg\u00e4nge an lockerer Leine w\u00fcnschst.<\/li>\n\n\n\n<li>du verstehen m\u00f6chtest, warum dein Hund dieses Verhalten zeigt.<\/li>\n\n\n\n<li>du lernen willst, wie du mit deiner K\u00f6rpersprache und klaren Signalen Orientierung geben kannst.<\/li>\n\n\n\n<li>du bereit bist, aktiv mit deinem Hund zu \u00fcben und etwas zu ver\u00e4ndern.<\/li>\n<\/ul>\n\n\n\n<p><mark style=\"background-color:rgba(0, 0, 0, 0)\" class=\"has-inline-color has-vivid-green-cyan-color\"><strong>Kurs I:<br>Start: Donnerstag, 12.02.-05.03.2025, 15:00-16:00 Uhr<br>Dauer: 4 x 60 min.<br>Kosten: 120,-\u20ac<\/strong><\/mark><\/p>\n\n\n\n<p><mark style=\"background-color:rgba(0, 0, 0, 0)\" class=\"has-inline-color has-vivid-green-cyan-color\"><strong>Kurs II:<br>Start: Donnerstag, 11.06.-02.07.2026, 16:00-17:00 Uhr<br>Dauer: 4 x 60 min.<br>Kosten: 120,-\u20ac<\/strong><\/mark><\/p>\n\n\n\n<p><strong>Kursgeb\u00fchr ist 14 Tage vor der 1. Trainingsstunde zu entrichten.<\/strong><\/p>\n\n\n\n<p><strong>Vers\u00e4umte Trainingsstunden k\u00f6nnen leider aus organisatorischen Gr\u00fcnden nicht nachgeholt werden und verfallen, da es sich um einen geschlossenen Kurs handelt.<\/strong><\/p>\n\n\n\n<p>Melde Dich gerne bei uns an, wenn Du dabei sein m\u00f6chtest, um dem Gezerre ein Ende setzen m\u00f6chtest.<\/p>\n","protected":false},"excerpt":{"rendered":"<p>Dein Hund zieht dich an der Leine durch die Gegend und Du f\u00fchlst Dich wie bei einem Schlittenhund-Rennen?Dein Hund nimmt Dich mit auf den Spaziergang und Du darfst die Leine halten? Jeder Spaziergang ist anstrengend, laut oder alles andere als entspannt? In diesem Kurs geht es um alle Hunde, die an der Leine ziehen \u2013 egal, ob aus Aufregung, Unsicherheit, Frust oder weil sie einfach nicht gelernt haben, ruhig an deiner Seite zu gehen. Du lernst, wie du deinen Hund klar und sicher f\u00fchrst, deine K\u00f6rpersprache gezielt einsetzt und &nbsp;Du so Schritt f\u00fcr Schritt, das Verhalten bekommst, welches Du Dir an der Leine w\u00fcnscht. Dein Hund soll lernen, sich an dir zu orientieren, statt die Umgebung zu scannen und nach vorne zu preschen. So wird aus Ziehen und Zerren nach und nach ein ruhiges, gemeinsames Gehen. Du bist hier richtig, wenn: Kurs I:Start: Donnerstag, 12.02.-05.03.2025, 15:00-16:00 UhrDauer: 4 x 60 min.Kosten: 120,-\u20ac Kurs II:Start: Donnerstag, 11.06.-02.07.2026, 16:00-17:00 UhrDauer: 4 x 60 min.Kosten: 120,-\u20ac Kursgeb\u00fchr ist 14 Tage vor der 1. Trainingsstunde zu entrichten. Vers\u00e4umte Trainingsstunden k\u00f6nnen leider aus organisatorischen Gr\u00fcnden nicht nachgeholt werden und verfallen, da es sich um einen geschlossenen Kurs handelt. Melde Dich gerne bei uns an, wenn Du dabei sein m\u00f6chtest, um dem Gezerre ein Ende setzen m\u00f6chtest.<\/p>\n","protected":false},"author":1,"featured_media":0,"parent":0,"menu_order":0,"comment_status":"closed","ping_status":"closed","template":"","meta":{"footnotes":""},"class_list":["post-701","page","type-page","status-publish","hentry"],"acf":[],"jetpack_sharing_enabled":true,"_links":{"self":[{"href":"https:\/\/hundeschule-streicher.de\/index.php?rest_route=\/wp\/v2\/pages\/701","targetHints":{"allow":["GET"]}}],"collection":[{"href":"https:\/\/hundeschule-streicher.de\/index.php?rest_route=\/wp\/v2\/pages"}],"about":[{"href":"https:\/\/hundeschule-streicher.de\/index.php?rest_route=\/wp\/v2\/types\/page"}],"author":[{"embeddable":true,"href":"https:\/\/hundeschule-streicher.de\/index.php?rest_route=\/wp\/v2\/users\/1"}],"replies":[{"embeddable":true,"href":"https:\/\/hundeschule-streicher.de\/index.php?rest_route=%2Fwp%2Fv2%2Fcomments&post=701"}],"version-history":[{"count":4,"href":"https:\/\/hundeschule-streicher.de\/index.php?rest_route=\/wp\/v2\/pages\/701\/revisions"}],"predecessor-version":[{"id":733,"href":"https:\/\/hundeschule-streicher.de\/index.php?rest_route=\/wp\/v2\/pages\/701\/revisions\/733"}],"wp:attachment":[{"href":"https:\/\/hundeschule-streicher.de\/index.php?rest_route=%2Fwp%2Fv2%2Fmedia&parent=701"}],"curies":[{"name":"wp","href":"https:\/\/api.w.org\/{rel}","templated":true}]}}