{"id":705,"date":"2025-12-28T16:36:00","date_gmt":"2025-12-28T15:36:00","guid":{"rendered":"https:\/\/hundeschule-streicher.de\/?page_id=705"},"modified":"2026-04-22T11:27:11","modified_gmt":"2026-04-22T10:27:11","slug":"komm-mit-uns-wandern","status":"publish","type":"page","link":"https:\/\/hundeschule-streicher.de\/?page_id=705","title":{"rendered":"Komm mit uns wandern!"},"content":{"rendered":"\n<figure class=\"wp-block-image size-large is-resized\"><img loading=\"lazy\" decoding=\"async\" width=\"1024\" height=\"674\" src=\"https:\/\/hundeschule-streicher.de\/wp-content\/uploads\/2024\/12\/1000041845-1024x674.jpg\" alt=\"\" class=\"wp-image-151\" style=\"aspect-ratio:1.5193077925881506;width:690px;height:auto\" srcset=\"https:\/\/hundeschule-streicher.de\/wp-content\/uploads\/2024\/12\/1000041845-1024x674.jpg 1024w, https:\/\/hundeschule-streicher.de\/wp-content\/uploads\/2024\/12\/1000041845-300x198.jpg 300w, https:\/\/hundeschule-streicher.de\/wp-content\/uploads\/2024\/12\/1000041845-768x506.jpg 768w, https:\/\/hundeschule-streicher.de\/wp-content\/uploads\/2024\/12\/1000041845-500x330.jpg 500w, https:\/\/hundeschule-streicher.de\/wp-content\/uploads\/2024\/12\/1000041845-600x395.jpg 600w, https:\/\/hundeschule-streicher.de\/wp-content\/uploads\/2024\/12\/1000041845.jpg 1080w\" sizes=\"auto, (max-width: 1024px) 100vw, 1024px\" \/><\/figure>\n\n\n\n<p>Du hast einen Hund und bewegst Dich gerne in der Natur? Du bist es leid mal wieder alleine mit Deinem Hund eine sch\u00f6ne Tour zu gehen und magst es in einer Gruppe zu gehen, um Dich auszutauschen und mal andere Wege in unserem sch\u00f6nen Weserbergland kennenzulernen?<\/p>\n\n\n\n<p>Dann schlie\u00dfe Dich gerne an und begleite uns auf eine Tageswanderung in unserem sch\u00f6nen Weserbergland.<\/p>\n\n\n\n<p>Was Dich und Dein Hund erwartet:<\/p>\n\n\n\n<ul class=\"wp-block-list\">\n<li>Eine ca. 4-5 st\u00fcndige, hundefreundliche Route in leicht h\u00fcgeliger Landschaft durch den Wald<\/li>\n\n\n\n<li>Erfrischende Pause an einem idyllischen Ort<\/li>\n\n\n\n<li>Kleine Hundegruppe (max. 8-10 Hunde) f\u00fcr ein stressfreies Erlebnis<\/li>\n\n\n\n<li>Inklusive: Professionelle Begleitung, Leckerlis und Wasser f\u00fcr Deinen Hund,<br>kr\u00e4ftigende Snacks f\u00fcr Dich, sowie Getr\u00e4nke und ein Erinnerungsfoto<\/li>\n<\/ul>\n\n\n\n<p>Wichtig: Dein Hund sollte sozialvertr\u00e4glich und gut an der Leine laufen k\u00f6nnen oder so gut h\u00f6ren, dass Du ihm die Freiheit geben kannst.<\/p>\n\n\n\n<p><mark style=\"background-color:rgba(0, 0, 0, 0)\" class=\"has-inline-color has-vivid-green-cyan-color\">N\u00e4chste Wanderung am Samstag, 23.05.2026, 11:00 Uhr<br>zu den Orchideenwiesen am Burgberg!<br>Dauer: ca. 4-6 Stunden<br>Weitere Infos folgen nach Deiner Anmeldung.<br>Preis pro Person: 35,-\u20ac<\/mark><br><mark style=\"background-color:rgba(0, 0, 0, 0)\" class=\"has-inline-color has-vivid-green-cyan-color\">(f\u00fcr jede weitere Person aus Deinem Haushalt 20,-\u20ac)<\/mark><\/p>\n\n\n\n<p>Pl\u00e4tze sind begrenzt! Sichere Dir jetzt einen Platz.<\/p>\n\n\n\n<p>Wir freuen uns auf Dich und Deinen Vierbeiner :-)!<\/p>\n\n\n\n<p><mark style=\"background-color:rgba(0, 0, 0, 0)\" class=\"has-inline-color has-pale-cyan-blue-color\">Weitere Wanderungen f\u00fcr 2026<\/mark><\/p>\n\n\n\n<p><strong><mark style=\"background-color:rgba(0, 0, 0, 0)\" class=\"has-inline-color has-pale-cyan-blue-color\">Datum: Sonntag, 22.02.2026 (Wanderung \u00fcber Schie\u00dfhaus) <\/mark><\/strong><mark style=\"background-color:rgba(0, 0, 0, 0)\" class=\"has-inline-color has-pale-cyan-blue-color\"><br>Datum: Samstag, 23.05.2026 (Wanderung \u00fcber den Burgberg)<br>Datum: Sonntag, 18.10.2026 (Wanderung zum K\u00f6terberg)<br>Datum: Samstag, 05.12.2026 (Wanderung im Mecklenbruch)<\/mark><\/p>\n\n\n\n<p><\/p>\n\n\n\n<p><\/p>\n\n\n\n<p><\/p>\n","protected":false},"excerpt":{"rendered":"<p>Du hast einen Hund und bewegst Dich gerne in der Natur? Du bist es leid mal wieder alleine mit Deinem Hund eine sch\u00f6ne Tour zu gehen und magst es in einer Gruppe zu gehen, um Dich auszutauschen und mal andere Wege in unserem sch\u00f6nen Weserbergland kennenzulernen? Dann schlie\u00dfe Dich gerne an und begleite uns auf eine Tageswanderung in unserem sch\u00f6nen Weserbergland. Was Dich und Dein Hund erwartet: Wichtig: Dein Hund sollte sozialvertr\u00e4glich und gut an der Leine laufen k\u00f6nnen oder so gut h\u00f6ren, dass Du ihm die Freiheit geben kannst. N\u00e4chste Wanderung am Samstag, 23.05.2026, 11:00 Uhrzu den Orchideenwiesen am Burgberg!Dauer: ca. 4-6 StundenWeitere Infos folgen nach Deiner Anmeldung.Preis pro Person: 35,-\u20ac(f\u00fcr jede weitere Person aus Deinem Haushalt 20,-\u20ac) Pl\u00e4tze sind begrenzt! Sichere Dir jetzt einen Platz. Wir freuen uns auf Dich und Deinen Vierbeiner :-)! Weitere Wanderungen f\u00fcr 2026 Datum: Sonntag, 22.02.2026 (Wanderung \u00fcber Schie\u00dfhaus) Datum: Samstag, 23.05.2026 (Wanderung \u00fcber den Burgberg)Datum: Sonntag, 18.10.2026 (Wanderung zum K\u00f6terberg)Datum: Samstag, 05.12.2026 (Wanderung im Mecklenbruch)<\/p>\n","protected":false},"author":1,"featured_media":0,"parent":0,"menu_order":0,"comment_status":"closed","ping_status":"closed","template":"","meta":{"footnotes":""},"class_list":["post-705","page","type-page","status-publish","hentry"],"acf":[],"jetpack_sharing_enabled":true,"_links":{"self":[{"href":"https:\/\/hundeschule-streicher.de\/index.php?rest_route=\/wp\/v2\/pages\/705","targetHints":{"allow":["GET"]}}],"collection":[{"href":"https:\/\/hundeschule-streicher.de\/index.php?rest_route=\/wp\/v2\/pages"}],"about":[{"href":"https:\/\/hundeschule-streicher.de\/index.php?rest_route=\/wp\/v2\/types\/page"}],"author":[{"embeddable":true,"href":"https:\/\/hundeschule-streicher.de\/index.php?rest_route=\/wp\/v2\/users\/1"}],"replies":[{"embeddable":true,"href":"https:\/\/hundeschule-streicher.de\/index.php?rest_route=%2Fwp%2Fv2%2Fcomments&post=705"}],"version-history":[{"count":9,"href":"https:\/\/hundeschule-streicher.de\/index.php?rest_route=\/wp\/v2\/pages\/705\/revisions"}],"predecessor-version":[{"id":814,"href":"https:\/\/hundeschule-streicher.de\/index.php?rest_route=\/wp\/v2\/pages\/705\/revisions\/814"}],"wp:attachment":[{"href":"https:\/\/hundeschule-streicher.de\/index.php?rest_route=%2Fwp%2Fv2%2Fmedia&parent=705"}],"curies":[{"name":"wp","href":"https:\/\/api.w.org\/{rel}","templated":true}]}}