{"id":750,"date":"2025-12-28T16:28:47","date_gmt":"2025-12-28T15:28:47","guid":{"rendered":"https:\/\/hundeschule-streicher.de\/?page_id=750"},"modified":"2025-12-28T16:28:57","modified_gmt":"2025-12-28T15:28:57","slug":"begleithundelehrgang-vom-deutschen-teckelklub-1898-e-v","status":"publish","type":"page","link":"https:\/\/hundeschule-streicher.de\/?page_id=750","title":{"rendered":"Begleithundelehrgang vom Deutschen Teckelklub 1898 e. V."},"content":{"rendered":"\n<p>Seit \u00fcber 20 Jahren bin ich mit dem Teckelklub verbunden und seitdem bieten wir einen j\u00e4hrlichen <strong>Begleithundelehrgang<\/strong> an, der alle Hundehalter anspricht, die mit ihrem Hund eine sichere, alltagstaugliche und harmonische Zusammenarbeit erreichen m\u00f6chten.<\/p>\n\n\n\n<p>Der Lehrgang bereitet gezielt auf die <strong>Begleithundepr\u00fcfung (BHP)<\/strong> nach den Richtlinien des Deutschen Teckelklub 1898 e. V. vor.<\/p>\n\n\n\n<p>Der Kurs ist f\u00fcr alle Hunderassen ohne Altersbegrenzung.<\/p>\n\n\n\n<p><strong><mark style=\"background-color:rgba(0, 0, 0, 0)\" class=\"has-inline-color has-vivid-green-cyan-color\">Ziele des Lehrgangs<\/mark><\/strong><\/p>\n\n\n\n<p>Der Kurs vermittelt die grundlegenden F\u00e4higkeiten eines gut erzogenen Begleithundes:<\/p>\n\n\n\n<ul class=\"wp-block-list\">\n<li>Leinenf\u00fchrigkeit und Fu\u00dfarbeit<\/li>\n\n\n\n<li>Sitz, Platz und Bleib unter Ablenkung<\/li>\n\n\n\n<li>Zuverl\u00e4ssiger R\u00fcckruf<\/li>\n\n\n\n<li>Sozialvertr\u00e4glichkeit<\/li>\n\n\n\n<li>Gelassenheit im Alltag<\/li>\n\n\n\n<li>F\u00f6rderung der Bindung und Aufmerksamkeit gegen\u00fcber dem Hundef\u00fchrer<\/li>\n<\/ul>\n\n\n\n<p><strong>Anforderungen zur Teilnahme<\/strong><\/p>\n\n\n\n<ul class=\"wp-block-list\">\n<li>Gesunder, geimpfter Hund<\/li>\n\n\n\n<li>Empfohlenes Mindestalter: min. 6 Monate<\/li>\n\n\n\n<li>Chip- oder T\u00e4towiernummer zur Identifikation<\/li>\n\n\n\n<li>Grundgehorsam als Basis<\/li>\n\n\n\n<li>Regelm\u00e4\u00dfige und motivierte Teilnahme<\/li>\n<\/ul>\n\n\n\n<p><mark style=\"background-color:rgba(0, 0, 0, 0)\" class=\"has-inline-color has-vivid-green-cyan-color\"><strong>Inhalte der Begleithundepr\u00fcfung (BHP)<\/strong><\/mark><\/p>\n\n\n\n<p><strong>BHP 1 \u2013 Gehorsam<\/strong><\/p>\n\n\n\n<ul class=\"wp-block-list\">\n<li>Leinenf\u00fchrigkeit und Fu\u00dfarbeit<\/li>\n\n\n\n<li>Sitz und Platz aus der Bewegung<\/li>\n\n\n\n<li>Ablegen mit Entfernen des F\u00fchrers<\/li>\n\n\n\n<li>Verhalten gegen\u00fcber Menschen und Hunden<\/li>\n<\/ul>\n\n\n\n<p><strong>BHP 2 \u2013 F\u00fchrigkeit &amp; Verhalten im Alltag<\/strong><\/p>\n\n\n\n<ul class=\"wp-block-list\">\n<li>Verhalten im Stra\u00dfenverkehr<\/li>\n\n\n\n<li>Ger\u00e4usch- und Umweltgew\u00f6hnung<\/li>\n\n\n\n<li>Abrufen in Alltagssituationen<\/li>\n\n\n\n<li>Begegnungen mit Radfahrern, Joggern und Gruppen<\/li>\n\n\n\n<li><strong>Wasserfreude<\/strong>: Der Hund zeigt freudiges Betreten und Durchqueren des Wassers<\/li>\n<\/ul>\n\n\n\n<p><strong>BHP 3 \u2013 Verhalten im freien Gel\u00e4nde<\/strong><\/p>\n\n\n\n<ul class=\"wp-block-list\">\n<li>Freifolge<\/li>\n\n\n\n<li>Sicherer R\u00fcckruf unter Ablenkung<\/li>\n\n\n\n<li><strong>F\u00fchrersuche im Wald<\/strong>: selbstst\u00e4ndiges Auffinden des Hundef\u00fchrers anhand der F\u00e4hrte<\/li>\n\n\n\n<li>Weitere Aufgaben im freien Gel\u00e4nde zur \u00dcberpr\u00fcfung der Arbeitsbereitschaft und Orientierung<\/li>\n<\/ul>\n\n\n\n<p><strong><mark style=\"background-color:rgba(0, 0, 0, 0)\" class=\"has-inline-color has-vivid-green-cyan-color\">Warum teilnehmen?<\/mark><\/strong><\/p>\n\n\n\n<p>Eine bestandene Begleithundepr\u00fcfung f\u00f6rdert nicht nur Sicherheit und Alltagstauglichkeit, sondern bildet die Grundlage f\u00fcr ein harmonisches Mensch-Hund-Team.<\/p>\n\n\n\n<p><strong><mark style=\"background-color:rgba(0, 0, 0, 0)\" class=\"has-inline-color has-vivid-green-cyan-color\">Start:<br>Dienstag, 07.04.2026, 16:00 Uhr, erstes Kennen lernen<br>Montag, 13.04.2026- 15.06.2026<br>Uhrzeit: 16:00-18:00 Uhr<br>Ort: Trainingsgel\u00e4nde, Philipp-Reis-Str., Bevern<br><\/mark><br><\/strong>Pr\u00fcfung durch eine anerkannte DTK-Richterin am 20.06.2026, 09:00 Uhr<\/p>\n\n\n\n<p>Melde Dich gerne bei uns, wenn Du dabei sein m\u00f6chtest.<\/p>\n","protected":false},"excerpt":{"rendered":"<p>Seit \u00fcber 20 Jahren bin ich mit dem Teckelklub verbunden und seitdem bieten wir einen j\u00e4hrlichen Begleithundelehrgang an, der alle Hundehalter anspricht, die mit ihrem Hund eine sichere, alltagstaugliche und harmonische Zusammenarbeit erreichen m\u00f6chten. Der Lehrgang bereitet gezielt auf die Begleithundepr\u00fcfung (BHP) nach den Richtlinien des Deutschen Teckelklub 1898 e. V. vor. Der Kurs ist f\u00fcr alle Hunderassen ohne Altersbegrenzung. Ziele des Lehrgangs Der Kurs vermittelt die grundlegenden F\u00e4higkeiten eines gut erzogenen Begleithundes: Anforderungen zur Teilnahme Inhalte der Begleithundepr\u00fcfung (BHP) BHP 1 \u2013 Gehorsam BHP 2 \u2013 F\u00fchrigkeit &amp; Verhalten im Alltag BHP 3 \u2013 Verhalten im freien Gel\u00e4nde Warum teilnehmen? Eine bestandene Begleithundepr\u00fcfung f\u00f6rdert nicht nur Sicherheit und Alltagstauglichkeit, sondern bildet die Grundlage f\u00fcr ein harmonisches Mensch-Hund-Team. Start:Dienstag, 07.04.2026, 16:00 Uhr, erstes Kennen lernenMontag, 13.04.2026- 15.06.2026Uhrzeit: 16:00-18:00 UhrOrt: Trainingsgel\u00e4nde, Philipp-Reis-Str., BevernPr\u00fcfung durch eine anerkannte DTK-Richterin am 20.06.2026, 09:00 Uhr Melde Dich gerne bei uns, wenn Du dabei sein m\u00f6chtest.<\/p>\n","protected":false},"author":1,"featured_media":0,"parent":0,"menu_order":0,"comment_status":"closed","ping_status":"closed","template":"","meta":{"footnotes":""},"class_list":["post-750","page","type-page","status-publish","hentry"],"acf":[],"jetpack_sharing_enabled":true,"_links":{"self":[{"href":"https:\/\/hundeschule-streicher.de\/index.php?rest_route=\/wp\/v2\/pages\/750","targetHints":{"allow":["GET"]}}],"collection":[{"href":"https:\/\/hundeschule-streicher.de\/index.php?rest_route=\/wp\/v2\/pages"}],"about":[{"href":"https:\/\/hundeschule-streicher.de\/index.php?rest_route=\/wp\/v2\/types\/page"}],"author":[{"embeddable":true,"href":"https:\/\/hundeschule-streicher.de\/index.php?rest_route=\/wp\/v2\/users\/1"}],"replies":[{"embeddable":true,"href":"https:\/\/hundeschule-streicher.de\/index.php?rest_route=%2Fwp%2Fv2%2Fcomments&post=750"}],"version-history":[{"count":2,"href":"https:\/\/hundeschule-streicher.de\/index.php?rest_route=\/wp\/v2\/pages\/750\/revisions"}],"predecessor-version":[{"id":752,"href":"https:\/\/hundeschule-streicher.de\/index.php?rest_route=\/wp\/v2\/pages\/750\/revisions\/752"}],"wp:attachment":[{"href":"https:\/\/hundeschule-streicher.de\/index.php?rest_route=%2Fwp%2Fv2%2Fmedia&parent=750"}],"curies":[{"name":"wp","href":"https:\/\/api.w.org\/{rel}","templated":true}]}}